{"id":5903,"date":"2024-02-06T08:29:39","date_gmt":"2024-02-06T08:29:39","guid":{"rendered":"https:\/\/wpachem.com\/?post_type=product&#038;p=5903"},"modified":"2024-02-06T08:33:16","modified_gmt":"2024-02-06T08:33:16","slug":"lactobionic-acid-cas-96-82-2","status":"publish","type":"product","link":"https:\/\/wpachem.com\/es\/producto\/lactobionic-acid-cas-96-82-2\/","title":{"rendered":"\u00c1cido lactobi\u00f3nico CAS 96-82-2"},"content":{"rendered":"<p>Es un polvo cristalino blanco.<\/p>\n<p><strong>Solicitud<\/strong><\/p>\n<p>En la industria alimentaria, el \u00e1cido lactobi\u00f3nico se puede utilizar como condimento \u00e1cido, agente aromatizante y acidulante de alimentos para mejorar el sabor y la frescura de los alimentos.<br \/>\nEn la industria farmac\u00e9utica, el \u00e1cido lactobi\u00f3nico se puede utilizar en la producci\u00f3n de antibi\u00f3ticos como excipientes o aditivos en medicamentos.<\/p>\n<p><strong>Embalaje y almacenamiento<\/strong><\/p>\n<p>25 KG\/BOLSA<\/p>\n<p>&nbsp;<\/p>","protected":false},"excerpt":{"rendered":"<p>Nombre del producto: \u00c1cido lactobi\u00f3nico<\/p>\n<p>CAS: 96-82-2<\/p>\n<p>Frecuencia intermedia: C12H22O12<\/p>\n<p>Aspecto: polvo cristalino blanco<\/p>","protected":false},"featured_media":5182,"template":"","meta":{"_acf_changed":false,"_gspb_post_css":""},"product_brand":[],"product_cat":[55,59],"product_tag":[],"class_list":{"0":"post-5903","1":"product","2":"type-product","3":"status-publish","4":"has-post-thumbnail","6":"product_cat-food-additives","7":"product_cat-acidity-regulators","9":"first","10":"instock","11":"shipping-taxable","12":"product-type-simple"},"acf":[],"_links":{"self":[{"href":"https:\/\/wpachem.com\/es\/wp-json\/wp\/v2\/product\/5903","targetHints":{"allow":["GET"]}}],"collection":[{"href":"https:\/\/wpachem.com\/es\/wp-json\/wp\/v2\/product"}],"about":[{"href":"https:\/\/wpachem.com\/es\/wp-json\/wp\/v2\/types\/product"}],"version-history":[{"count":0,"href":"https:\/\/wpachem.com\/es\/wp-json\/wp\/v2\/product\/5903\/revisions"}],"wp:featuredmedia":[{"embeddable":true,"href":"https:\/\/wpachem.com\/es\/wp-json\/wp\/v2\/media\/5182"}],"wp:attachment":[{"href":"https:\/\/wpachem.com\/es\/wp-json\/wp\/v2\/media?parent=5903"}],"wp:term":[{"taxonomy":"product_brand","embeddable":true,"href":"https:\/\/wpachem.com\/es\/wp-json\/wp\/v2\/product_brand?post=5903"},{"taxonomy":"product_cat","embeddable":true,"href":"https:\/\/wpachem.com\/es\/wp-json\/wp\/v2\/product_cat?post=5903"},{"taxonomy":"product_tag","embeddable":true,"href":"https:\/\/wpachem.com\/es\/wp-json\/wp\/v2\/product_tag?post=5903"}],"curies":[{"name":"wp","href":"https:\/\/api.w.org\/{rel}","templated":true}]}}