{"id":5905,"date":"2024-02-06T08:33:27","date_gmt":"2024-02-06T08:33:27","guid":{"rendered":"https:\/\/wpachem.com\/?post_type=product&#038;p=5905"},"modified":"2024-02-06T08:38:15","modified_gmt":"2024-02-06T08:38:15","slug":"16-hexanediol-cas-629-11-8","status":"publish","type":"product","link":"https:\/\/wpachem.com\/es\/producto\/16-hexanediol-cas-629-11-8\/","title":{"rendered":"1,6-hexanodiol CAS 629-11-8"},"content":{"rendered":"<p>Es un l\u00edquido viscoso, incoloro e inodoro.<\/p>\n<p><strong>Solicitud<\/strong><\/p>\n<p>Se utiliza principalmente en la fabricaci\u00f3n de poli\u00e9teres (por ejemplo, poliesteroles) para preparar materiales sint\u00e9ticos como fibras de poli\u00e9ster, pl\u00e1sticos y poliuretanos.<br \/>\nTambi\u00e9n es ampliamente utilizado en la fabricaci\u00f3n de recubrimientos, disolventes, tintes, pinturas, anticongelantes, cosm\u00e9ticos, pegamentos, detergentes y muchos otros productos industriales.<\/p>\n<p><strong>Embalaje y almacenamiento<\/strong><\/p>\n<p>25 KG\/TAMBOR<\/p>","protected":false},"excerpt":{"rendered":"<p>Nombre del producto: 1,6-Hexanedio<\/p>\n<p>N\u00famero de serie: 629-11-8<\/p>\n<p>Mb:C20H20O4<\/p>\n<p>Aspecto: l\u00edquido viscoso, incoloro e inodoro.<\/p>","protected":false},"featured_media":2089,"template":"","meta":{"_acf_changed":false,"_gspb_post_css":""},"product_brand":[],"product_cat":[60,62,63,69],"product_tag":[],"class_list":{"0":"post-5905","1":"product","2":"type-product","3":"status-publish","4":"has-post-thumbnail","6":"product_cat-cosmetic-ingredients","7":"product_cat-rubberplastic-ingredients","8":"product_cat-industrial-chemicals","9":"product_cat-more","11":"first","12":"instock","13":"shipping-taxable","14":"product-type-simple"},"acf":[],"_links":{"self":[{"href":"https:\/\/wpachem.com\/es\/wp-json\/wp\/v2\/product\/5905","targetHints":{"allow":["GET"]}}],"collection":[{"href":"https:\/\/wpachem.com\/es\/wp-json\/wp\/v2\/product"}],"about":[{"href":"https:\/\/wpachem.com\/es\/wp-json\/wp\/v2\/types\/product"}],"version-history":[{"count":0,"href":"https:\/\/wpachem.com\/es\/wp-json\/wp\/v2\/product\/5905\/revisions"}],"wp:featuredmedia":[{"embeddable":true,"href":"https:\/\/wpachem.com\/es\/wp-json\/wp\/v2\/media\/2089"}],"wp:attachment":[{"href":"https:\/\/wpachem.com\/es\/wp-json\/wp\/v2\/media?parent=5905"}],"wp:term":[{"taxonomy":"product_brand","embeddable":true,"href":"https:\/\/wpachem.com\/es\/wp-json\/wp\/v2\/product_brand?post=5905"},{"taxonomy":"product_cat","embeddable":true,"href":"https:\/\/wpachem.com\/es\/wp-json\/wp\/v2\/product_cat?post=5905"},{"taxonomy":"product_tag","embeddable":true,"href":"https:\/\/wpachem.com\/es\/wp-json\/wp\/v2\/product_tag?post=5905"}],"curies":[{"name":"wp","href":"https:\/\/api.w.org\/{rel}","templated":true}]}}