{"id":5907,"date":"2024-02-06T08:39:19","date_gmt":"2024-02-06T08:39:19","guid":{"rendered":"https:\/\/wpachem.com\/?post_type=product&#038;p=5907"},"modified":"2024-02-06T08:47:44","modified_gmt":"2024-02-06T08:47:44","slug":"4-hydroxyacetophenone-cas-99-93-4","status":"publish","type":"product","link":"https:\/\/wpachem.com\/es\/producto\/4-hydroxyacetophenone-cas-99-93-4\/","title":{"rendered":"4\u2032-Hidroxiacetofenona CAS 99-93-4"},"content":{"rendered":"<p>Es un s\u00f3lido cristalino incoloro.<\/p>\n<p><strong>Solicitud<\/strong><\/p>\n<p>Puede utilizarse como intermedio en la s\u00edntesis de compuestos org\u00e1nicos para la preparaci\u00f3n de diversos f\u00e1rmacos, colorantes y especias.<br \/>\nTambi\u00e9n se utiliza como bactericida, conservante y aditivo alimentario.<\/p>\n<p><strong>Embalaje y almacenamiento<\/strong><\/p>\n<p>25 KG\/BOLSA<\/p>\n<p>&nbsp;<\/p>","protected":false},"excerpt":{"rendered":"<p>Nombre del producto: 4\u2032-hidroxiacetofenona<\/p>\n<p>CAS: 99-93-4<\/p>\n<p>Frecuencia intermedia: C8H8O2<\/p>\n<p>Aspecto: s\u00f3lido cristalino incoloro<\/p>","protected":false},"featured_media":5182,"template":"","meta":{"_acf_changed":false,"_gspb_post_css":""},"product_brand":[],"product_cat":[55,135,57,60,69],"product_tag":[],"class_list":{"0":"post-5907","1":"product","2":"type-product","3":"status-publish","4":"has-post-thumbnail","6":"product_cat-food-additives","7":"product_cat-preservative-cosmetic-ingredients","8":"product_cat-preservative","9":"product_cat-cosmetic-ingredients","10":"product_cat-more","12":"first","13":"instock","14":"shipping-taxable","15":"product-type-simple"},"acf":[],"_links":{"self":[{"href":"https:\/\/wpachem.com\/es\/wp-json\/wp\/v2\/product\/5907","targetHints":{"allow":["GET"]}}],"collection":[{"href":"https:\/\/wpachem.com\/es\/wp-json\/wp\/v2\/product"}],"about":[{"href":"https:\/\/wpachem.com\/es\/wp-json\/wp\/v2\/types\/product"}],"version-history":[{"count":0,"href":"https:\/\/wpachem.com\/es\/wp-json\/wp\/v2\/product\/5907\/revisions"}],"wp:featuredmedia":[{"embeddable":true,"href":"https:\/\/wpachem.com\/es\/wp-json\/wp\/v2\/media\/5182"}],"wp:attachment":[{"href":"https:\/\/wpachem.com\/es\/wp-json\/wp\/v2\/media?parent=5907"}],"wp:term":[{"taxonomy":"product_brand","embeddable":true,"href":"https:\/\/wpachem.com\/es\/wp-json\/wp\/v2\/product_brand?post=5907"},{"taxonomy":"product_cat","embeddable":true,"href":"https:\/\/wpachem.com\/es\/wp-json\/wp\/v2\/product_cat?post=5907"},{"taxonomy":"product_tag","embeddable":true,"href":"https:\/\/wpachem.com\/es\/wp-json\/wp\/v2\/product_tag?post=5907"}],"curies":[{"name":"wp","href":"https:\/\/api.w.org\/{rel}","templated":true}]}}