{"id":5909,"date":"2024-02-06T08:47:52","date_gmt":"2024-02-06T08:47:52","guid":{"rendered":"https:\/\/wpachem.com\/?post_type=product&#038;p=5909"},"modified":"2024-02-06T08:56:17","modified_gmt":"2024-02-06T08:56:17","slug":"12-propanediol-cas-57-55-6","status":"publish","type":"product","link":"https:\/\/wpachem.com\/es\/producto\/12-propanediol-cas-57-55-6\/","title":{"rendered":"1,2-propanodiol CAS 57-55-6"},"content":{"rendered":"<p>Es un l\u00edquido incoloro, inodoro y viscoso.<\/p>\n<p><strong>Solicitud<\/strong><\/p>\n<p>Se utiliza en la industria farmac\u00e9utica como disolvente, esterificador y plastificante en la fabricaci\u00f3n de f\u00e1rmacos, dispositivos m\u00e9dicos y medicamentos.<br \/>\nTiene efectos hidratantes, suavizantes, anticongelantes y estabilizantes en cosm\u00e9tica.<br \/>\nSe utiliza como espesante y agente nivelador en la industria de pinturas y pinturas.<br \/>\nTambi\u00e9n se utiliza mucho en la fabricaci\u00f3n de bebidas, alimentos, especias y pigmentos.<\/p>\n<p><strong>Embalaje y almacenamiento<\/strong><\/p>\n<p>25 KG\/DRU<\/p>\n<p>&nbsp;<\/p>","protected":false},"excerpt":{"rendered":"<p>Nombre del producto: 1,2-propanodiol<\/p>\n<p>CAS:57-55-6<\/p>\n<p>Frecuencia intermedia: C3H8O2<\/p>\n<p>Aspecto: l\u00edquido incoloro, inodoro y viscoso.<\/p>","protected":false},"featured_media":2087,"template":"","meta":{"_acf_changed":false,"_gspb_post_css":""},"product_brand":[],"product_cat":[55,132,135,128,60,63,69],"product_tag":[],"class_list":{"0":"post-5909","1":"product","2":"type-product","3":"status-publish","4":"has-post-thumbnail","6":"product_cat-food-additives","7":"product_cat-moisturizing","8":"product_cat-preservative-cosmetic-ingredients","9":"product_cat-tanning-agent","10":"product_cat-cosmetic-ingredients","11":"product_cat-industrial-chemicals","12":"product_cat-more","14":"first","15":"instock","16":"shipping-taxable","17":"product-type-simple"},"acf":[],"_links":{"self":[{"href":"https:\/\/wpachem.com\/es\/wp-json\/wp\/v2\/product\/5909","targetHints":{"allow":["GET"]}}],"collection":[{"href":"https:\/\/wpachem.com\/es\/wp-json\/wp\/v2\/product"}],"about":[{"href":"https:\/\/wpachem.com\/es\/wp-json\/wp\/v2\/types\/product"}],"version-history":[{"count":0,"href":"https:\/\/wpachem.com\/es\/wp-json\/wp\/v2\/product\/5909\/revisions"}],"wp:featuredmedia":[{"embeddable":true,"href":"https:\/\/wpachem.com\/es\/wp-json\/wp\/v2\/media\/2087"}],"wp:attachment":[{"href":"https:\/\/wpachem.com\/es\/wp-json\/wp\/v2\/media?parent=5909"}],"wp:term":[{"taxonomy":"product_brand","embeddable":true,"href":"https:\/\/wpachem.com\/es\/wp-json\/wp\/v2\/product_brand?post=5909"},{"taxonomy":"product_cat","embeddable":true,"href":"https:\/\/wpachem.com\/es\/wp-json\/wp\/v2\/product_cat?post=5909"},{"taxonomy":"product_tag","embeddable":true,"href":"https:\/\/wpachem.com\/es\/wp-json\/wp\/v2\/product_tag?post=5909"}],"curies":[{"name":"wp","href":"https:\/\/api.w.org\/{rel}","templated":true}]}}