{"id":5911,"date":"2024-02-06T08:56:30","date_gmt":"2024-02-06T08:56:30","guid":{"rendered":"https:\/\/wpachem.com\/?post_type=product&#038;p=5911"},"modified":"2024-02-06T09:41:44","modified_gmt":"2024-02-06T09:41:44","slug":"adipic-acid-monomethyl-ester-cas-627-91-8","status":"publish","type":"product","link":"https:\/\/wpachem.com\/es\/producto\/adipic-acid-monomethyl-ester-cas-627-91-8\/","title":{"rendered":"\u00c9ster monomet\u00edlico del \u00e1cido ad\u00edpico CAS 627-91-8"},"content":{"rendered":"<p>Es un l\u00edquido de incoloro a ligeramente amarillo.<\/p>\n<p><strong>Solicitud<\/strong><\/p>\n<p>1. Industria alimentaria: los \u00e9steres met\u00edlicos de \u00e1cidos grasos se pueden utilizar como aditivos alimentarios, como aromas, aromas y conservantes.<\/p>\n<p>2. Cosm\u00e9ticos y productos de cuidado personal: Los \u00e9steres met\u00edlicos de \u00e1cidos grasos se pueden utilizar como ingredientes b\u00e1sicos en cosm\u00e9ticos y productos de cuidado personal, como champ\u00fas, cremas para la piel, cosm\u00e9ticos, etc.<\/p>\n<p>3. Industria farmac\u00e9utica: los \u00e9steres met\u00edlicos de \u00e1cidos grasos se pueden utilizar como portadores de medicamentos o ingredientes auxiliares de medicamentos.<\/p>\n<p>4. Aplicaciones industriales: Los \u00e9steres met\u00edlicos de \u00e1cidos grasos se pueden utilizar como lubricantes, aditivos pl\u00e1sticos, disolventes, tensioactivos, etc.<\/p>\n<p><strong>Embalaje y almacenamiento<\/strong><\/p>\n<p>25 KG\/TAMBOR<\/p>\n<p>&nbsp;<\/p>","protected":false},"excerpt":{"rendered":"<p>Nombre del producto: \u00c9ster monomet\u00edlico del \u00e1cido ad\u00edpico<\/p>\n<p>N\u00famero de serie: 627-91-8<\/p>\n<p>Mb:C7H12O4<\/p>\n<p>Aspecto: l\u00edquido incoloro a ligeramente amarillo.<\/p>","protected":false},"featured_media":3321,"template":"","meta":{"_acf_changed":false,"_gspb_post_css":""},"product_brand":[],"product_cat":[55,129,57,60],"product_tag":[],"class_list":{"0":"post-5911","1":"product","2":"type-product","3":"status-publish","4":"has-post-thumbnail","6":"product_cat-food-additives","7":"product_cat-whitening-agent","8":"product_cat-preservative","9":"product_cat-cosmetic-ingredients","11":"first","12":"instock","13":"shipping-taxable","14":"product-type-simple"},"acf":[],"_links":{"self":[{"href":"https:\/\/wpachem.com\/es\/wp-json\/wp\/v2\/product\/5911","targetHints":{"allow":["GET"]}}],"collection":[{"href":"https:\/\/wpachem.com\/es\/wp-json\/wp\/v2\/product"}],"about":[{"href":"https:\/\/wpachem.com\/es\/wp-json\/wp\/v2\/types\/product"}],"version-history":[{"count":0,"href":"https:\/\/wpachem.com\/es\/wp-json\/wp\/v2\/product\/5911\/revisions"}],"wp:featuredmedia":[{"embeddable":true,"href":"https:\/\/wpachem.com\/es\/wp-json\/wp\/v2\/media\/3321"}],"wp:attachment":[{"href":"https:\/\/wpachem.com\/es\/wp-json\/wp\/v2\/media?parent=5911"}],"wp:term":[{"taxonomy":"product_brand","embeddable":true,"href":"https:\/\/wpachem.com\/es\/wp-json\/wp\/v2\/product_brand?post=5911"},{"taxonomy":"product_cat","embeddable":true,"href":"https:\/\/wpachem.com\/es\/wp-json\/wp\/v2\/product_cat?post=5911"},{"taxonomy":"product_tag","embeddable":true,"href":"https:\/\/wpachem.com\/es\/wp-json\/wp\/v2\/product_tag?post=5911"}],"curies":[{"name":"wp","href":"https:\/\/api.w.org\/{rel}","templated":true}]}}