{"id":5916,"date":"2024-02-06T09:32:15","date_gmt":"2024-02-06T09:32:15","guid":{"rendered":"https:\/\/wpachem.com\/?post_type=product&#038;p=5916"},"modified":"2024-02-06T09:32:16","modified_gmt":"2024-02-06T09:32:16","slug":"4-methoxycinnamic-acid-cas-830-09-1","status":"publish","type":"product","link":"https:\/\/wpachem.com\/es\/producto\/4-methoxycinnamic-acid-cas-830-09-1\/","title":{"rendered":"\u00c1cido 4-metoxicin\u00e1mico CAS 830-09-1"},"content":{"rendered":"<p><strong>Caracter\u00edstica<\/strong><\/p>\n<p>Polvo cristalino fino blanco, esencia intermedia.<\/p>\n<p><strong>Solicitud:<\/strong><\/p>\n<p>Es principalmente un intermedio farmac\u00e9utico sint\u00e9tico org\u00e1nico, que se puede utilizar para sintetizar el f\u00e1rmaco antiadren\u00e9rgico Esmolol, y tambi\u00e9n se utiliza como intermedio de sabor.<\/p>","protected":false},"excerpt":{"rendered":"<p>Nombre del producto: fenilpropilaldeh\u00eddo<\/p>\n<p>N.\u00ba CAS: 830-09-1<\/p>\n<p>N\u00famero de modelo: C10H10O3<\/p>\n<p>Apariencia: L\u00edquido incoloro transparente o amarillo claro.<\/p>","protected":false},"featured_media":5182,"template":"","meta":{"_acf_changed":false,"_gspb_post_css":""},"product_brand":[],"product_cat":[61],"product_tag":[],"class_list":{"0":"post-5916","1":"product","2":"type-product","3":"status-publish","4":"has-post-thumbnail","6":"product_cat-flavor-and-fragrance","8":"first","9":"instock","10":"shipping-taxable","11":"product-type-simple"},"acf":[],"_links":{"self":[{"href":"https:\/\/wpachem.com\/es\/wp-json\/wp\/v2\/product\/5916","targetHints":{"allow":["GET"]}}],"collection":[{"href":"https:\/\/wpachem.com\/es\/wp-json\/wp\/v2\/product"}],"about":[{"href":"https:\/\/wpachem.com\/es\/wp-json\/wp\/v2\/types\/product"}],"version-history":[{"count":0,"href":"https:\/\/wpachem.com\/es\/wp-json\/wp\/v2\/product\/5916\/revisions"}],"wp:featuredmedia":[{"embeddable":true,"href":"https:\/\/wpachem.com\/es\/wp-json\/wp\/v2\/media\/5182"}],"wp:attachment":[{"href":"https:\/\/wpachem.com\/es\/wp-json\/wp\/v2\/media?parent=5916"}],"wp:term":[{"taxonomy":"product_brand","embeddable":true,"href":"https:\/\/wpachem.com\/es\/wp-json\/wp\/v2\/product_brand?post=5916"},{"taxonomy":"product_cat","embeddable":true,"href":"https:\/\/wpachem.com\/es\/wp-json\/wp\/v2\/product_cat?post=5916"},{"taxonomy":"product_tag","embeddable":true,"href":"https:\/\/wpachem.com\/es\/wp-json\/wp\/v2\/product_tag?post=5916"}],"curies":[{"name":"wp","href":"https:\/\/api.w.org\/{rel}","templated":true}]}}