{"id":5919,"date":"2024-02-06T09:38:35","date_gmt":"2024-02-06T09:38:35","guid":{"rendered":"https:\/\/wpachem.com\/?post_type=product&#038;p=5919"},"modified":"2024-02-06T09:38:35","modified_gmt":"2024-02-06T09:38:35","slug":"sclareol-cas-515-03-7","status":"publish","type":"product","link":"https:\/\/wpachem.com\/es\/producto\/sclareol-cas-515-03-7\/","title":{"rendered":"Esclareol CAS 515-03-7"},"content":{"rendered":"<p><strong>Caracter\u00edstica<\/strong><\/p>\n<p>Soluble en cloroformo, acetato de etilo (peque\u00f1a cantidad), sabor a madera de color blanco a casi blanco.<\/p>\n<p><strong>Solicitud:<\/strong><\/p>\n<p>Con aroma similar al \u00e1mbar gris, aroma duradero y delicado, es la materia prima ideal para productos de \u00e1mbar gris sint\u00e9tico. Es adecuado para su uso en fragancias de perfumes cuando se utiliza directamente en la modulaci\u00f3n del aroma.<\/p>","protected":false},"excerpt":{"rendered":"<p>Nombre del producto: esclareol<\/p>\n<p>N\u00famero de caja: 515-03-7<\/p>\n<p>Frecuencia intermedia: C20H36O2<\/p>\n<p>Apariencia: L\u00edquido incoloro transparente o amarillo claro.<\/p>","protected":false},"featured_media":4793,"template":"","meta":{"_acf_changed":false,"_gspb_post_css":""},"product_brand":[],"product_cat":[61],"product_tag":[],"class_list":{"0":"post-5919","1":"product","2":"type-product","3":"status-publish","4":"has-post-thumbnail","6":"product_cat-flavor-and-fragrance","8":"first","9":"instock","10":"shipping-taxable","11":"product-type-simple"},"acf":[],"_links":{"self":[{"href":"https:\/\/wpachem.com\/es\/wp-json\/wp\/v2\/product\/5919","targetHints":{"allow":["GET"]}}],"collection":[{"href":"https:\/\/wpachem.com\/es\/wp-json\/wp\/v2\/product"}],"about":[{"href":"https:\/\/wpachem.com\/es\/wp-json\/wp\/v2\/types\/product"}],"version-history":[{"count":0,"href":"https:\/\/wpachem.com\/es\/wp-json\/wp\/v2\/product\/5919\/revisions"}],"wp:featuredmedia":[{"embeddable":true,"href":"https:\/\/wpachem.com\/es\/wp-json\/wp\/v2\/media\/4793"}],"wp:attachment":[{"href":"https:\/\/wpachem.com\/es\/wp-json\/wp\/v2\/media?parent=5919"}],"wp:term":[{"taxonomy":"product_brand","embeddable":true,"href":"https:\/\/wpachem.com\/es\/wp-json\/wp\/v2\/product_brand?post=5919"},{"taxonomy":"product_cat","embeddable":true,"href":"https:\/\/wpachem.com\/es\/wp-json\/wp\/v2\/product_cat?post=5919"},{"taxonomy":"product_tag","embeddable":true,"href":"https:\/\/wpachem.com\/es\/wp-json\/wp\/v2\/product_tag?post=5919"}],"curies":[{"name":"wp","href":"https:\/\/api.w.org\/{rel}","templated":true}]}}