{"id":5926,"date":"2024-02-06T09:50:20","date_gmt":"2024-02-06T09:50:20","guid":{"rendered":"https:\/\/wpachem.com\/?post_type=product&#038;p=5926"},"modified":"2024-04-26T05:39:55","modified_gmt":"2024-04-26T05:39:55","slug":"octanal-cas-124-13-0","status":"publish","type":"product","link":"https:\/\/wpachem.com\/es\/producto\/octanal-cas-124-13-0\/","title":{"rendered":"Octanal CAS 124-13-0"},"content":{"rendered":"<p><strong>Caracter\u00edstica<\/strong><\/p>\n<p>L\u00edquido transparente de incoloro a amarillo claro, olor graso a naranja, notas afrutadas de jazm\u00edn. El poder de retenci\u00f3n es pobre.<\/p>\n<p><strong>Solicitud:<\/strong><\/p>\n<ol>\n<li>Es uno de los componentes de la fragancia de cabeza de rosa, y tambi\u00e9n se utiliza en flor de naranjo dulce, flor de naranjo amargo, bergamota y colonia de c\u00edtricos. Tambi\u00e9n se puede utilizar en imitaci\u00f3n de crema, chocolate, albaricoque, ciruela, uva, lim\u00f3n, naranja dulce, queso y otros sabores comestibles.<\/li>\n<li>Se utiliza principalmente en la mezcla de especias c\u00edtricas, en bebidas, helados, dulces, pan, etc., en una cantidad de 1,4 a 4,4 ppm, tambi\u00e9n se puede utilizar como jab\u00f3n y especias detergentes. El octilaldeh\u00eddo tambi\u00e9n es un intermedio en la s\u00edntesis org\u00e1nica.<\/li>\n<\/ol>","protected":false},"excerpt":{"rendered":"<p>Nombre del producto:Octanal<\/p>\n<p>N.\u00ba CAS: 124-13-0<\/p>\n<p>N\u00famero de modelo: C8H16O<\/p>\n<p>Aspecto: L\u00edquido transparente, incoloro a amarillo claro.<\/p>","protected":false},"featured_media":4787,"template":"","meta":{"_acf_changed":false,"_gspb_post_css":""},"product_brand":[],"product_cat":[52,24],"product_tag":[],"class_list":{"0":"post-5926","1":"product","2":"type-product","3":"status-publish","4":"has-post-thumbnail","6":"product_cat-pigment","7":"product_cat-uncategorized","9":"first","10":"instock","11":"shipping-taxable","12":"product-type-simple"},"acf":[],"_links":{"self":[{"href":"https:\/\/wpachem.com\/es\/wp-json\/wp\/v2\/product\/5926","targetHints":{"allow":["GET"]}}],"collection":[{"href":"https:\/\/wpachem.com\/es\/wp-json\/wp\/v2\/product"}],"about":[{"href":"https:\/\/wpachem.com\/es\/wp-json\/wp\/v2\/types\/product"}],"version-history":[{"count":0,"href":"https:\/\/wpachem.com\/es\/wp-json\/wp\/v2\/product\/5926\/revisions"}],"wp:featuredmedia":[{"embeddable":true,"href":"https:\/\/wpachem.com\/es\/wp-json\/wp\/v2\/media\/4787"}],"wp:attachment":[{"href":"https:\/\/wpachem.com\/es\/wp-json\/wp\/v2\/media?parent=5926"}],"wp:term":[{"taxonomy":"product_brand","embeddable":true,"href":"https:\/\/wpachem.com\/es\/wp-json\/wp\/v2\/product_brand?post=5926"},{"taxonomy":"product_cat","embeddable":true,"href":"https:\/\/wpachem.com\/es\/wp-json\/wp\/v2\/product_cat?post=5926"},{"taxonomy":"product_tag","embeddable":true,"href":"https:\/\/wpachem.com\/es\/wp-json\/wp\/v2\/product_tag?post=5926"}],"curies":[{"name":"wp","href":"https:\/\/api.w.org\/{rel}","templated":true}]}}