{"id":5935,"date":"2024-02-07T01:16:58","date_gmt":"2024-02-07T01:16:58","guid":{"rendered":"https:\/\/wpachem.com\/?post_type=product&#038;p=5935"},"modified":"2024-02-07T01:16:58","modified_gmt":"2024-02-07T01:16:58","slug":"octyl-acetate-cas-112-14-1","status":"publish","type":"product","link":"https:\/\/wpachem.com\/es\/producto\/octyl-acetate-cas-112-14-1\/","title":{"rendered":"Acetato de octilo CAS 112-14-1"},"content":{"rendered":"<p><strong>Caracter\u00edstica<\/strong><\/p>\n<p>L\u00edquido transparente incoloro, insoluble en agua, olor a jazm\u00edn naranja.<\/p>\n<p><strong>Solicitud:<\/strong><\/p>\n<p>A menudo se utiliza en peque\u00f1as cantidades para jazm\u00edn, gardenia, flor de naranjo dulce, c\u00edtricos e iris. Tambi\u00e9n se utiliza traza en frambuesa, fresa, cereza, manzana, lim\u00f3n, melocot\u00f3n, pera, brandy y otros sabores comestibles.<\/p>","protected":false},"excerpt":{"rendered":"<p>Nombre del producto: acetato de octilo<\/p>\n<p>N.\u00b0 CAS: 112-14-1<\/p>\n<p>MF: C10H20O2<\/p>\n<p>Aspecto: L\u00edquido transparente e incoloro<\/p>","protected":false},"featured_media":5867,"template":"","meta":{"_acf_changed":false,"_gspb_post_css":""},"product_brand":[],"product_cat":[61],"product_tag":[],"class_list":{"0":"post-5935","1":"product","2":"type-product","3":"status-publish","4":"has-post-thumbnail","6":"product_cat-flavor-and-fragrance","8":"first","9":"instock","10":"shipping-taxable","11":"product-type-simple"},"acf":[],"_links":{"self":[{"href":"https:\/\/wpachem.com\/es\/wp-json\/wp\/v2\/product\/5935","targetHints":{"allow":["GET"]}}],"collection":[{"href":"https:\/\/wpachem.com\/es\/wp-json\/wp\/v2\/product"}],"about":[{"href":"https:\/\/wpachem.com\/es\/wp-json\/wp\/v2\/types\/product"}],"version-history":[{"count":0,"href":"https:\/\/wpachem.com\/es\/wp-json\/wp\/v2\/product\/5935\/revisions"}],"wp:featuredmedia":[{"embeddable":true,"href":"https:\/\/wpachem.com\/es\/wp-json\/wp\/v2\/media\/5867"}],"wp:attachment":[{"href":"https:\/\/wpachem.com\/es\/wp-json\/wp\/v2\/media?parent=5935"}],"wp:term":[{"taxonomy":"product_brand","embeddable":true,"href":"https:\/\/wpachem.com\/es\/wp-json\/wp\/v2\/product_brand?post=5935"},{"taxonomy":"product_cat","embeddable":true,"href":"https:\/\/wpachem.com\/es\/wp-json\/wp\/v2\/product_cat?post=5935"},{"taxonomy":"product_tag","embeddable":true,"href":"https:\/\/wpachem.com\/es\/wp-json\/wp\/v2\/product_tag?post=5935"}],"curies":[{"name":"wp","href":"https:\/\/api.w.org\/{rel}","templated":true}]}}