{"id":5937,"date":"2024-02-07T01:21:15","date_gmt":"2024-02-07T01:21:15","guid":{"rendered":"https:\/\/wpachem.com\/?post_type=product&#038;p=5937"},"modified":"2024-02-07T01:21:15","modified_gmt":"2024-02-07T01:21:15","slug":"anethole-cas-104-46-1","status":"publish","type":"product","link":"https:\/\/wpachem.com\/es\/producto\/anethole-cas-104-46-1\/","title":{"rendered":"Anetol CAS 104-46-1"},"content":{"rendered":"<p><strong>Caracter\u00edstica<\/strong><\/p>\n<p>L\u00edquido aceitoso, an\u00eds dulce, olor a regaliz.<\/p>\n<p><strong>Solicitud:<\/strong><\/p>\n<p>Tiene un olor a an\u00eds especial y un sabor dulce correspondiente, que se puede utilizar para todos los alimentos, especialmente los productos de reposter\u00eda. Tambi\u00e9n es la materia prima para la fabricaci\u00f3n de anisaldeh\u00eddo, anisol y la s\u00edntesis de la hormona hexestradiol, que es negativa para los f\u00e1rmacos. El cerebro de hinojo se puede utilizar ampliamente en la preparaci\u00f3n de esencia de hinojo, esencia de regaliz, esencia de array\u00e1n, etc., y tambi\u00e9n se utiliza en pasta de dientes, g\u00e1rgaras, cosm\u00e9ticos, jab\u00f3n, etc.<\/p>","protected":false},"excerpt":{"rendered":"<p>Nombre del producto: Anetol<\/p>\n<p>N.\u00ba CAS: 104-46-1<\/p>\n<p>Mf:C10H12O<\/p>\n<p>Aspecto: L\u00edquido aceitoso<\/p>","protected":false},"featured_media":3323,"template":"","meta":{"_acf_changed":false,"_gspb_post_css":""},"product_brand":[],"product_cat":[61],"product_tag":[],"class_list":{"0":"post-5937","1":"product","2":"type-product","3":"status-publish","4":"has-post-thumbnail","6":"product_cat-flavor-and-fragrance","8":"first","9":"instock","10":"shipping-taxable","11":"product-type-simple"},"acf":[],"_links":{"self":[{"href":"https:\/\/wpachem.com\/es\/wp-json\/wp\/v2\/product\/5937","targetHints":{"allow":["GET"]}}],"collection":[{"href":"https:\/\/wpachem.com\/es\/wp-json\/wp\/v2\/product"}],"about":[{"href":"https:\/\/wpachem.com\/es\/wp-json\/wp\/v2\/types\/product"}],"version-history":[{"count":0,"href":"https:\/\/wpachem.com\/es\/wp-json\/wp\/v2\/product\/5937\/revisions"}],"wp:featuredmedia":[{"embeddable":true,"href":"https:\/\/wpachem.com\/es\/wp-json\/wp\/v2\/media\/3323"}],"wp:attachment":[{"href":"https:\/\/wpachem.com\/es\/wp-json\/wp\/v2\/media?parent=5937"}],"wp:term":[{"taxonomy":"product_brand","embeddable":true,"href":"https:\/\/wpachem.com\/es\/wp-json\/wp\/v2\/product_brand?post=5937"},{"taxonomy":"product_cat","embeddable":true,"href":"https:\/\/wpachem.com\/es\/wp-json\/wp\/v2\/product_cat?post=5937"},{"taxonomy":"product_tag","embeddable":true,"href":"https:\/\/wpachem.com\/es\/wp-json\/wp\/v2\/product_tag?post=5937"}],"curies":[{"name":"wp","href":"https:\/\/api.w.org\/{rel}","templated":true}]}}