{"id":5939,"date":"2024-02-07T01:35:57","date_gmt":"2024-02-07T01:35:57","guid":{"rendered":"https:\/\/wpachem.com\/?post_type=product&#038;p=5939"},"modified":"2024-04-26T05:39:54","modified_gmt":"2024-04-26T05:39:54","slug":"floramelon-cas-1205-17-0","status":"publish","type":"product","link":"https:\/\/wpachem.com\/es\/producto\/floramelon-cas-1205-17-0\/","title":{"rendered":"Floramel\u00f3n CAS 1205-17-0"},"content":{"rendered":"<p><strong>Caracter\u00edstica<\/strong><\/p>\n<p>L\u00edquido transparente de color naranja claro a amarillo a verde con un aroma floral, com\u00fanmente utilizado en perfumes y aromas comerciales.<\/p>\n<p><strong>Solicitud:<\/strong><\/p>\n<p>Es un tipo de fragancia muy utilizada en el mundo, con un suave aroma floral parecido al de un conejo. En la f\u00f3rmula de cosm\u00e9ticos y fragancias de jab\u00f3n, la cantidad est\u00e1 dentro de 20%, el uso es grande y el precio es alto.<br \/>\nUtilizado en cosm\u00e9ticos y detergentes.<\/p>","protected":false},"excerpt":{"rendered":"<p>Nombre del producto: Floramel\u00f3n<\/p>\n<p>N.\u00b0 CAS: 1205-17-0<\/p>\n<p>Frecuencia intermedia: C11H12O3<\/p>\n<p>Aspecto: L\u00edquido transparente de color naranja claro a amarillo a verde.<\/p>","protected":false},"featured_media":4788,"template":"","meta":{"_acf_changed":false,"_gspb_post_css":""},"product_brand":[],"product_cat":[52,61,24],"product_tag":[],"class_list":{"0":"post-5939","1":"product","2":"type-product","3":"status-publish","4":"has-post-thumbnail","6":"product_cat-pigment","7":"product_cat-flavor-and-fragrance","8":"product_cat-uncategorized","10":"first","11":"instock","12":"shipping-taxable","13":"product-type-simple"},"acf":[],"_links":{"self":[{"href":"https:\/\/wpachem.com\/es\/wp-json\/wp\/v2\/product\/5939","targetHints":{"allow":["GET"]}}],"collection":[{"href":"https:\/\/wpachem.com\/es\/wp-json\/wp\/v2\/product"}],"about":[{"href":"https:\/\/wpachem.com\/es\/wp-json\/wp\/v2\/types\/product"}],"version-history":[{"count":0,"href":"https:\/\/wpachem.com\/es\/wp-json\/wp\/v2\/product\/5939\/revisions"}],"wp:featuredmedia":[{"embeddable":true,"href":"https:\/\/wpachem.com\/es\/wp-json\/wp\/v2\/media\/4788"}],"wp:attachment":[{"href":"https:\/\/wpachem.com\/es\/wp-json\/wp\/v2\/media?parent=5939"}],"wp:term":[{"taxonomy":"product_brand","embeddable":true,"href":"https:\/\/wpachem.com\/es\/wp-json\/wp\/v2\/product_brand?post=5939"},{"taxonomy":"product_cat","embeddable":true,"href":"https:\/\/wpachem.com\/es\/wp-json\/wp\/v2\/product_cat?post=5939"},{"taxonomy":"product_tag","embeddable":true,"href":"https:\/\/wpachem.com\/es\/wp-json\/wp\/v2\/product_tag?post=5939"}],"curies":[{"name":"wp","href":"https:\/\/api.w.org\/{rel}","templated":true}]}}