{"id":5943,"date":"2024-02-07T01:48:20","date_gmt":"2024-02-07T01:48:20","guid":{"rendered":"https:\/\/wpachem.com\/?post_type=product&#038;p=5943"},"modified":"2024-02-07T01:48:20","modified_gmt":"2024-02-07T01:48:20","slug":"nerol-cas-106-25-2","status":"publish","type":"product","link":"https:\/\/wpachem.com\/es\/producto\/nerol-cas-106-25-2\/","title":{"rendered":"Nerol CAS 106-25-2"},"content":{"rendered":"<p><strong>Caracter\u00edstica<\/strong><\/p>\n<p>L\u00edquido transparente incoloro a casi incoloro, de dulce sabor c\u00edtrico natural.<\/p>\n<p><strong>Solicitud:<\/strong><\/p>\n<p>Se utiliza principalmente para preparar aromas de fresa, frambuesa y c\u00edtricos. Tambi\u00e9n se utiliza para elaborar aromas cosm\u00e9ticos de uso diario, como violeta, neroli, jazm\u00edn, lirio de los valles, magnolia, clavo y otras fragancias florales para maquillaje.<\/p>","protected":false},"excerpt":{"rendered":"<p>Nombre del producto: Nerol<\/p>\n<p>N.\u00ba CAS: 106-25-2<\/p>\n<p>MF:C10H18O<\/p>\n<p>Aspecto: L\u00edquido transparente, incoloro a casi incoloro.<\/p>","protected":false},"featured_media":4878,"template":"","meta":{"_acf_changed":false,"_gspb_post_css":""},"product_brand":[],"product_cat":[61],"product_tag":[],"class_list":{"0":"post-5943","1":"product","2":"type-product","3":"status-publish","4":"has-post-thumbnail","6":"product_cat-flavor-and-fragrance","8":"first","9":"instock","10":"shipping-taxable","11":"product-type-simple"},"acf":[],"_links":{"self":[{"href":"https:\/\/wpachem.com\/es\/wp-json\/wp\/v2\/product\/5943","targetHints":{"allow":["GET"]}}],"collection":[{"href":"https:\/\/wpachem.com\/es\/wp-json\/wp\/v2\/product"}],"about":[{"href":"https:\/\/wpachem.com\/es\/wp-json\/wp\/v2\/types\/product"}],"version-history":[{"count":0,"href":"https:\/\/wpachem.com\/es\/wp-json\/wp\/v2\/product\/5943\/revisions"}],"wp:featuredmedia":[{"embeddable":true,"href":"https:\/\/wpachem.com\/es\/wp-json\/wp\/v2\/media\/4878"}],"wp:attachment":[{"href":"https:\/\/wpachem.com\/es\/wp-json\/wp\/v2\/media?parent=5943"}],"wp:term":[{"taxonomy":"product_brand","embeddable":true,"href":"https:\/\/wpachem.com\/es\/wp-json\/wp\/v2\/product_brand?post=5943"},{"taxonomy":"product_cat","embeddable":true,"href":"https:\/\/wpachem.com\/es\/wp-json\/wp\/v2\/product_cat?post=5943"},{"taxonomy":"product_tag","embeddable":true,"href":"https:\/\/wpachem.com\/es\/wp-json\/wp\/v2\/product_tag?post=5943"}],"curies":[{"name":"wp","href":"https:\/\/api.w.org\/{rel}","templated":true}]}}