{"id":5945,"date":"2024-02-07T02:24:42","date_gmt":"2024-02-07T02:24:42","guid":{"rendered":"https:\/\/wpachem.com\/?post_type=product&#038;p=5945"},"modified":"2024-02-07T02:24:42","modified_gmt":"2024-02-07T02:24:42","slug":"5-decanolide-cas-705-86-2","status":"publish","type":"product","link":"https:\/\/wpachem.com\/es\/producto\/5-decanolide-cas-705-86-2\/","title":{"rendered":"5-Decanolida CAS 705-86-2"},"content":{"rendered":"<p><strong>Caracter\u00edstica<\/strong><\/p>\n<p>L\u00edquido aceitoso transparente e incoloro, fresco, dulce, afrutado, sabor l\u00e1cteo a crema de durazno.<\/p>\n<p><strong>Solicitud:<\/strong><\/p>\n<p>En el sabor qu\u00edmico diario, se usa ampliamente en varios tipos de sabor a crema y tiene un buen efecto fijador en productos dom\u00e9sticos t\u00edpicos; (Solo especificaciones de alimentos) En el sabor de los alimentos, se puede aplicar a una variedad de frutas, mango, albaricoque, chocolate con crema, l\u00e1cteos, puede reemplazar la cumarina.<\/p>","protected":false},"excerpt":{"rendered":"<p>Nombre del producto: 5-Decanolida<\/p>\n<p>N.\u00ba CAS: 705-86-2<\/p>\n<p>Mb:C10H18O2<\/p>\n<p>Aspecto: L\u00edquido aceitoso incoloro transparente<\/p>","protected":false},"featured_media":4787,"template":"","meta":{"_acf_changed":false,"_gspb_post_css":""},"product_brand":[],"product_cat":[61],"product_tag":[],"class_list":{"0":"post-5945","1":"product","2":"type-product","3":"status-publish","4":"has-post-thumbnail","6":"product_cat-flavor-and-fragrance","8":"first","9":"instock","10":"shipping-taxable","11":"product-type-simple"},"acf":[],"_links":{"self":[{"href":"https:\/\/wpachem.com\/es\/wp-json\/wp\/v2\/product\/5945","targetHints":{"allow":["GET"]}}],"collection":[{"href":"https:\/\/wpachem.com\/es\/wp-json\/wp\/v2\/product"}],"about":[{"href":"https:\/\/wpachem.com\/es\/wp-json\/wp\/v2\/types\/product"}],"version-history":[{"count":0,"href":"https:\/\/wpachem.com\/es\/wp-json\/wp\/v2\/product\/5945\/revisions"}],"wp:featuredmedia":[{"embeddable":true,"href":"https:\/\/wpachem.com\/es\/wp-json\/wp\/v2\/media\/4787"}],"wp:attachment":[{"href":"https:\/\/wpachem.com\/es\/wp-json\/wp\/v2\/media?parent=5945"}],"wp:term":[{"taxonomy":"product_brand","embeddable":true,"href":"https:\/\/wpachem.com\/es\/wp-json\/wp\/v2\/product_brand?post=5945"},{"taxonomy":"product_cat","embeddable":true,"href":"https:\/\/wpachem.com\/es\/wp-json\/wp\/v2\/product_cat?post=5945"},{"taxonomy":"product_tag","embeddable":true,"href":"https:\/\/wpachem.com\/es\/wp-json\/wp\/v2\/product_tag?post=5945"}],"curies":[{"name":"wp","href":"https:\/\/api.w.org\/{rel}","templated":true}]}}