{"id":5948,"date":"2024-02-07T02:32:32","date_gmt":"2024-02-07T02:32:32","guid":{"rendered":"https:\/\/wpachem.com\/?post_type=product&#038;p=5948"},"modified":"2024-02-07T02:32:32","modified_gmt":"2024-02-07T02:32:32","slug":"4-hydroxystyrene-cas-2628-17-3","status":"publish","type":"product","link":"https:\/\/wpachem.com\/es\/producto\/4-hydroxystyrene-cas-2628-17-3\/","title":{"rendered":"4-hidroxiestireno CAS 2628-17-3"},"content":{"rendered":"<p><strong>Caracter\u00edstica<\/strong><\/p>\n<p>Soluci\u00f3n transparente de propilenglicol 0,01%, de incolora a naranja. Sabor qu\u00edmico fen\u00f3lico.<\/p>\n<p><strong>Solicitud:<\/strong><\/p>\n<p>Es un tipo de cristal blanco o amarillo claro, tiene cierta toxicidad y corrosi\u00f3n, sus perspectivas de aplicaci\u00f3n son muy amplias, ser\u00e1 ampliamente utilizado y desarrollado en materiales, medicina, qu\u00edmica y otros campos.<\/p>","protected":false},"excerpt":{"rendered":"<p>Nombre del producto: 4-hidroxiestireno<\/p>\n<p>N\u00famero CAS: 2628-17-3<\/p>\n<p>Frecuencia intermedia: C8H8O<\/p>\n<p>Aspecto: L\u00edquido aceitoso incoloro transparente<\/p>","protected":false},"featured_media":5860,"template":"","meta":{"_acf_changed":false,"_gspb_post_css":""},"product_brand":[],"product_cat":[61],"product_tag":[],"class_list":{"0":"post-5948","1":"product","2":"type-product","3":"status-publish","4":"has-post-thumbnail","6":"product_cat-flavor-and-fragrance","8":"first","9":"instock","10":"shipping-taxable","11":"product-type-simple"},"acf":[],"_links":{"self":[{"href":"https:\/\/wpachem.com\/es\/wp-json\/wp\/v2\/product\/5948","targetHints":{"allow":["GET"]}}],"collection":[{"href":"https:\/\/wpachem.com\/es\/wp-json\/wp\/v2\/product"}],"about":[{"href":"https:\/\/wpachem.com\/es\/wp-json\/wp\/v2\/types\/product"}],"version-history":[{"count":0,"href":"https:\/\/wpachem.com\/es\/wp-json\/wp\/v2\/product\/5948\/revisions"}],"wp:featuredmedia":[{"embeddable":true,"href":"https:\/\/wpachem.com\/es\/wp-json\/wp\/v2\/media\/5860"}],"wp:attachment":[{"href":"https:\/\/wpachem.com\/es\/wp-json\/wp\/v2\/media?parent=5948"}],"wp:term":[{"taxonomy":"product_brand","embeddable":true,"href":"https:\/\/wpachem.com\/es\/wp-json\/wp\/v2\/product_brand?post=5948"},{"taxonomy":"product_cat","embeddable":true,"href":"https:\/\/wpachem.com\/es\/wp-json\/wp\/v2\/product_cat?post=5948"},{"taxonomy":"product_tag","embeddable":true,"href":"https:\/\/wpachem.com\/es\/wp-json\/wp\/v2\/product_tag?post=5948"}],"curies":[{"name":"wp","href":"https:\/\/api.w.org\/{rel}","templated":true}]}}