{"id":5953,"date":"2024-02-07T02:45:31","date_gmt":"2024-02-07T02:45:31","guid":{"rendered":"https:\/\/wpachem.com\/?post_type=product&#038;p=5953"},"modified":"2024-02-07T02:45:32","modified_gmt":"2024-02-07T02:45:32","slug":"benzyl-alcohol-cas-100-51-6","status":"publish","type":"product","link":"https:\/\/wpachem.com\/es\/producto\/benzyl-alcohol-cas-100-51-6\/","title":{"rendered":"Alcohol benc\u00edlico CAS 100-51-6"},"content":{"rendered":"<p><strong>Caracter\u00edstica<\/strong><\/p>\n<p>L\u00edquido transparente e incoloro.<\/p>\n<p><strong>Solicitud:<\/strong><\/p>\n<p>Existe en muchos aceites esenciales de flores arom\u00e1ticas, por lo que se puede utilizar como mezcla con acetato de bencilo en jazm\u00edn, gardenia, lila, ylang-ylang, nardo, jacinto, acacia y otros sabores de flores, y tiene la funci\u00f3n de fijar la fragancia. Tambi\u00e9n se usa a menudo como solvente para disolver almizcle artificial y otras especias, y tambi\u00e9n se usa a menudo como especias alimenticias, en cereza, uva, miel, naranja dulce, frambuesa, nuez, vainilla y otros sabores de alimentos.<\/p>","protected":false},"excerpt":{"rendered":"<p>Nombre del producto: alcohol benc\u00edlico<\/p>\n<p>N\u00ba CAS: 100-51-6<\/p>\n<p>MF:C7H8O<\/p>\n<p>Apariencia: L\u00edquido transparente e incoloro.<\/p>","protected":false},"featured_media":4793,"template":"","meta":{"_acf_changed":false,"_gspb_post_css":""},"product_brand":[],"product_cat":[61],"product_tag":[],"class_list":{"0":"post-5953","1":"product","2":"type-product","3":"status-publish","4":"has-post-thumbnail","6":"product_cat-flavor-and-fragrance","8":"first","9":"instock","10":"shipping-taxable","11":"product-type-simple"},"acf":[],"_links":{"self":[{"href":"https:\/\/wpachem.com\/es\/wp-json\/wp\/v2\/product\/5953","targetHints":{"allow":["GET"]}}],"collection":[{"href":"https:\/\/wpachem.com\/es\/wp-json\/wp\/v2\/product"}],"about":[{"href":"https:\/\/wpachem.com\/es\/wp-json\/wp\/v2\/types\/product"}],"version-history":[{"count":0,"href":"https:\/\/wpachem.com\/es\/wp-json\/wp\/v2\/product\/5953\/revisions"}],"wp:featuredmedia":[{"embeddable":true,"href":"https:\/\/wpachem.com\/es\/wp-json\/wp\/v2\/media\/4793"}],"wp:attachment":[{"href":"https:\/\/wpachem.com\/es\/wp-json\/wp\/v2\/media?parent=5953"}],"wp:term":[{"taxonomy":"product_brand","embeddable":true,"href":"https:\/\/wpachem.com\/es\/wp-json\/wp\/v2\/product_brand?post=5953"},{"taxonomy":"product_cat","embeddable":true,"href":"https:\/\/wpachem.com\/es\/wp-json\/wp\/v2\/product_cat?post=5953"},{"taxonomy":"product_tag","embeddable":true,"href":"https:\/\/wpachem.com\/es\/wp-json\/wp\/v2\/product_tag?post=5953"}],"curies":[{"name":"wp","href":"https:\/\/api.w.org\/{rel}","templated":true}]}}