{"id":5957,"date":"2024-02-07T02:50:59","date_gmt":"2024-02-07T02:50:59","guid":{"rendered":"https:\/\/wpachem.com\/?post_type=product&#038;p=5957"},"modified":"2024-02-07T02:50:59","modified_gmt":"2024-02-07T02:50:59","slug":"phenethyl-alcohol-cas-60-12-8","status":"publish","type":"product","link":"https:\/\/wpachem.com\/es\/producto\/phenethyl-alcohol-cas-60-12-8\/","title":{"rendered":"Alcohol fenet\u00edlico CAS 60-12-8"},"content":{"rendered":"<p><strong>Caracter\u00edstica<\/strong><\/p>\n<p>L\u00edquido transparente e incoloro, con aroma a rosas.<\/p>\n<p><strong>Solicitud:<\/strong><\/p>\n<p>El aceite esencial de rosa y diversas fragancias florales, como jazm\u00edn, clavo y neroli, se pueden utilizar en casi todos los aceites esenciales, ampliamente utilizados en la elaboraci\u00f3n de jabones y aromas cosm\u00e9ticos. Adem\u00e1s, se pueden preparar diversos sabores, como fresa, melocot\u00f3n, ciruela, mel\u00f3n, caramelo, miel, crema, etc.<\/p>","protected":false},"excerpt":{"rendered":"<p>Nombre del producto: Alcohol fenet\u00edlico<\/p>\n<p>N.\u00ba CAS: 60-12-8<\/p>\n<p>Frecuencia intermedia: C8H10O<\/p>\n<p>Aspecto: L\u00edquido transparente e incoloro.<\/p>","protected":false},"featured_media":5867,"template":"","meta":{"_acf_changed":false,"_gspb_post_css":""},"product_brand":[],"product_cat":[61],"product_tag":[],"class_list":{"0":"post-5957","1":"product","2":"type-product","3":"status-publish","4":"has-post-thumbnail","6":"product_cat-flavor-and-fragrance","8":"first","9":"instock","10":"shipping-taxable","11":"product-type-simple"},"acf":[],"_links":{"self":[{"href":"https:\/\/wpachem.com\/es\/wp-json\/wp\/v2\/product\/5957","targetHints":{"allow":["GET"]}}],"collection":[{"href":"https:\/\/wpachem.com\/es\/wp-json\/wp\/v2\/product"}],"about":[{"href":"https:\/\/wpachem.com\/es\/wp-json\/wp\/v2\/types\/product"}],"version-history":[{"count":0,"href":"https:\/\/wpachem.com\/es\/wp-json\/wp\/v2\/product\/5957\/revisions"}],"wp:featuredmedia":[{"embeddable":true,"href":"https:\/\/wpachem.com\/es\/wp-json\/wp\/v2\/media\/5867"}],"wp:attachment":[{"href":"https:\/\/wpachem.com\/es\/wp-json\/wp\/v2\/media?parent=5957"}],"wp:term":[{"taxonomy":"product_brand","embeddable":true,"href":"https:\/\/wpachem.com\/es\/wp-json\/wp\/v2\/product_brand?post=5957"},{"taxonomy":"product_cat","embeddable":true,"href":"https:\/\/wpachem.com\/es\/wp-json\/wp\/v2\/product_cat?post=5957"},{"taxonomy":"product_tag","embeddable":true,"href":"https:\/\/wpachem.com\/es\/wp-json\/wp\/v2\/product_tag?post=5957"}],"curies":[{"name":"wp","href":"https:\/\/api.w.org\/{rel}","templated":true}]}}