{"id":5959,"date":"2024-02-07T02:54:56","date_gmt":"2024-02-07T02:54:56","guid":{"rendered":"https:\/\/wpachem.com\/?post_type=product&#038;p=5959"},"modified":"2024-02-07T02:54:56","modified_gmt":"2024-02-07T02:54:56","slug":"benzyl-cinnamate-cas-103-41-3","status":"publish","type":"product","link":"https:\/\/wpachem.com\/es\/producto\/benzyl-cinnamate-cas-103-41-3\/","title":{"rendered":"Cinamato de bencilo CAS 103-41-3"},"content":{"rendered":"<p><strong>Caracter\u00edstica<\/strong><\/p>\n<p>Transparente incoloro a amarillo, cristalino o l\u00edquido despu\u00e9s de fundirse, olor arom\u00e1tico.<\/p>\n<p><strong>Solicitud:<\/strong><\/p>\n<p>Absorbente de rayos ultravioleta. Se utiliza principalmente en cosm\u00e9ticos bronceadores y protectores solares. La longitud de onda de absorci\u00f3n m\u00e1xima de la luz ultravioleta es de 310 \u03bcm. La adici\u00f3n suele ser inferior a 5%. Adem\u00e1s, tambi\u00e9n se utiliza para preparar \u00e1mbar gris artificial y aromas orientales como agente fijador. Tambi\u00e9n se utiliza en la preparaci\u00f3n de fragancias florales, fragancias orientales o de fantas\u00eda y fragancias alimentarias (cereza, fresa, frambuesa, melisa).<\/p>","protected":false},"excerpt":{"rendered":"<p>Nombre del producto: Cinamato de bencilo<\/p>\n<p>N.\u00ba CAS: 103-41-3<\/p>\n<p>Frecuencia intermedia: C8H10O<\/p>\n<p>Aspecto: Transparente incoloro a amarillo, cristalino o l\u00edquido.<\/p>","protected":false},"featured_media":4875,"template":"","meta":{"_acf_changed":false,"_gspb_post_css":""},"product_brand":[],"product_cat":[61],"product_tag":[],"class_list":{"0":"post-5959","1":"product","2":"type-product","3":"status-publish","4":"has-post-thumbnail","6":"product_cat-flavor-and-fragrance","8":"first","9":"instock","10":"shipping-taxable","11":"product-type-simple"},"acf":[],"_links":{"self":[{"href":"https:\/\/wpachem.com\/es\/wp-json\/wp\/v2\/product\/5959","targetHints":{"allow":["GET"]}}],"collection":[{"href":"https:\/\/wpachem.com\/es\/wp-json\/wp\/v2\/product"}],"about":[{"href":"https:\/\/wpachem.com\/es\/wp-json\/wp\/v2\/types\/product"}],"version-history":[{"count":0,"href":"https:\/\/wpachem.com\/es\/wp-json\/wp\/v2\/product\/5959\/revisions"}],"wp:featuredmedia":[{"embeddable":true,"href":"https:\/\/wpachem.com\/es\/wp-json\/wp\/v2\/media\/4875"}],"wp:attachment":[{"href":"https:\/\/wpachem.com\/es\/wp-json\/wp\/v2\/media?parent=5959"}],"wp:term":[{"taxonomy":"product_brand","embeddable":true,"href":"https:\/\/wpachem.com\/es\/wp-json\/wp\/v2\/product_brand?post=5959"},{"taxonomy":"product_cat","embeddable":true,"href":"https:\/\/wpachem.com\/es\/wp-json\/wp\/v2\/product_cat?post=5959"},{"taxonomy":"product_tag","embeddable":true,"href":"https:\/\/wpachem.com\/es\/wp-json\/wp\/v2\/product_tag?post=5959"}],"curies":[{"name":"wp","href":"https:\/\/api.w.org\/{rel}","templated":true}]}}