{"id":5966,"date":"2024-02-07T05:15:26","date_gmt":"2024-02-07T05:15:26","guid":{"rendered":"https:\/\/wpachem.com\/?post_type=product&#038;p=5966"},"modified":"2024-02-07T05:29:41","modified_gmt":"2024-02-07T05:29:41","slug":"d-sorbitol-cas-50-70-4","status":"publish","type":"product","link":"https:\/\/wpachem.com\/es\/producto\/d-sorbitol-cas-50-70-4\/","title":{"rendered":"D \u2013 Sorbitol CAS 50-70-4"},"content":{"rendered":"<p><strong>Caracter\u00edstica<\/strong><\/p>\n<p>Polvo cristalino incoloro, sabor dulce.<\/p>\n<p><strong>Solicitud:<\/strong><\/p>\n<p>En el \u00e1mbito alimentario, se suele utilizar como sustituto de los aditivos del az\u00facar y tiene efectos hidratantes, espesantes y edulcorantes. Tambi\u00e9n es una alternativa popular baja en calor\u00edas para los diab\u00e9ticos.<br \/>\nEn el \u00e1mbito farmac\u00e9utico se utiliza para elaborar lubricantes, medicamentos para la tos, productos para el cuidado bucal, etc.<\/p>","protected":false},"excerpt":{"rendered":"<p>Nombre del producto: D \u2013 Sorbitol<\/p>\n<p>N\u00famero CAS: 50-70-4<\/p>\n<p>Frecuencia intermedia: C6H14O6<\/p>\n<p>Aspecto: polvo cristalino incoloro<\/p>","protected":false},"featured_media":5182,"template":"","meta":{"_acf_changed":false,"_gspb_post_css":""},"product_brand":[],"product_cat":[61,55,56],"product_tag":[],"class_list":{"0":"post-5966","1":"product","2":"type-product","3":"status-publish","4":"has-post-thumbnail","6":"product_cat-flavor-and-fragrance","7":"product_cat-food-additives","8":"product_cat-sweetener","10":"first","11":"instock","12":"shipping-taxable","13":"product-type-simple"},"acf":[],"_links":{"self":[{"href":"https:\/\/wpachem.com\/es\/wp-json\/wp\/v2\/product\/5966","targetHints":{"allow":["GET"]}}],"collection":[{"href":"https:\/\/wpachem.com\/es\/wp-json\/wp\/v2\/product"}],"about":[{"href":"https:\/\/wpachem.com\/es\/wp-json\/wp\/v2\/types\/product"}],"version-history":[{"count":0,"href":"https:\/\/wpachem.com\/es\/wp-json\/wp\/v2\/product\/5966\/revisions"}],"wp:featuredmedia":[{"embeddable":true,"href":"https:\/\/wpachem.com\/es\/wp-json\/wp\/v2\/media\/5182"}],"wp:attachment":[{"href":"https:\/\/wpachem.com\/es\/wp-json\/wp\/v2\/media?parent=5966"}],"wp:term":[{"taxonomy":"product_brand","embeddable":true,"href":"https:\/\/wpachem.com\/es\/wp-json\/wp\/v2\/product_brand?post=5966"},{"taxonomy":"product_cat","embeddable":true,"href":"https:\/\/wpachem.com\/es\/wp-json\/wp\/v2\/product_cat?post=5966"},{"taxonomy":"product_tag","embeddable":true,"href":"https:\/\/wpachem.com\/es\/wp-json\/wp\/v2\/product_tag?post=5966"}],"curies":[{"name":"wp","href":"https:\/\/api.w.org\/{rel}","templated":true}]}}