{"id":5968,"date":"2024-02-07T05:29:53","date_gmt":"2024-02-07T05:29:53","guid":{"rendered":"https:\/\/wpachem.com\/?post_type=product&#038;p=5968"},"modified":"2024-02-07T05:36:55","modified_gmt":"2024-02-07T05:36:55","slug":"dipropylene-glycol-cas-110-98-5","status":"publish","type":"product","link":"https:\/\/wpachem.com\/es\/producto\/dipropylene-glycol-cas-110-98-5\/","title":{"rendered":"Dipropilenglicol CAS 110-98-5"},"content":{"rendered":"<p><strong>Caracter\u00edstica<\/strong><\/p>\n<p>L\u00edquido incoloro a ligeramente amarillo.<\/p>\n<p><strong>Solicitud:<\/strong><\/p>\n<p>1. Uso industrial: El dipropilenglicol se usa ampliamente en cosm\u00e9ticos, pinturas, revestimientos, tintes, pl\u00e1sticos, resinas y otros campos industriales. Puede utilizarse como plastificante, emulsionante, espesante, anticongelante y lubricante.<br \/>\n2. Usos m\u00e9dicos: El dipropilenglicol se utiliza como disolvente y excipiente, y se utiliza a menudo en la preparaci\u00f3n de medicamentos y productos m\u00e9dicos.<br \/>\n3. Uso en laboratorio: Puede utilizarse como disolvente y agente de extracci\u00f3n para reacciones qu\u00edmicas y procesos de separaci\u00f3n en el laboratorio.<\/p>","protected":false},"excerpt":{"rendered":"<p>Nombre del producto: Dipropilenglicol<\/p>\n<p>No. CAS: 110-98-5<\/p>\n<p>Frecuencia intermedia: C6H14O3<\/p>\n<p>Apariencia: L\u00edquido incoloro a ligeramente amarillo.<\/p>","protected":false},"featured_media":5867,"template":"","meta":{"_acf_changed":false,"_gspb_post_css":""},"product_brand":[],"product_cat":[60,133,134],"product_tag":[],"class_list":{"0":"post-5968","1":"product","2":"type-product","3":"status-publish","4":"has-post-thumbnail","6":"product_cat-cosmetic-ingredients","7":"product_cat-emulsifiers-cosmetic-ingredients","8":"product_cat-thickener","10":"first","11":"instock","12":"shipping-taxable","13":"product-type-simple"},"acf":[],"_links":{"self":[{"href":"https:\/\/wpachem.com\/es\/wp-json\/wp\/v2\/product\/5968","targetHints":{"allow":["GET"]}}],"collection":[{"href":"https:\/\/wpachem.com\/es\/wp-json\/wp\/v2\/product"}],"about":[{"href":"https:\/\/wpachem.com\/es\/wp-json\/wp\/v2\/types\/product"}],"version-history":[{"count":0,"href":"https:\/\/wpachem.com\/es\/wp-json\/wp\/v2\/product\/5968\/revisions"}],"wp:featuredmedia":[{"embeddable":true,"href":"https:\/\/wpachem.com\/es\/wp-json\/wp\/v2\/media\/5867"}],"wp:attachment":[{"href":"https:\/\/wpachem.com\/es\/wp-json\/wp\/v2\/media?parent=5968"}],"wp:term":[{"taxonomy":"product_brand","embeddable":true,"href":"https:\/\/wpachem.com\/es\/wp-json\/wp\/v2\/product_brand?post=5968"},{"taxonomy":"product_cat","embeddable":true,"href":"https:\/\/wpachem.com\/es\/wp-json\/wp\/v2\/product_cat?post=5968"},{"taxonomy":"product_tag","embeddable":true,"href":"https:\/\/wpachem.com\/es\/wp-json\/wp\/v2\/product_tag?post=5968"}],"curies":[{"name":"wp","href":"https:\/\/api.w.org\/{rel}","templated":true}]}}