{"id":5972,"date":"2024-02-07T05:44:32","date_gmt":"2024-02-07T05:44:32","guid":{"rendered":"https:\/\/wpachem.com\/?post_type=product&#038;p=5972"},"modified":"2024-02-07T05:47:01","modified_gmt":"2024-02-07T05:47:01","slug":"lanolin-cas-8006-54-0","status":"publish","type":"product","link":"https:\/\/wpachem.com\/es\/producto\/lanolin-cas-8006-54-0\/","title":{"rendered":"Lanolina CAS 8006-54-0"},"content":{"rendered":"<p><strong>Caracter\u00edstica<\/strong><\/p>\n<p>S\u00f3lido blanco, a veces con color amarillo claro o marr\u00f3n.<\/p>\n<p><strong>Solicitud:<\/strong><\/p>\n<p>1. Cosm\u00e9ticos: Ingredientes utilizados como base de lociones y cremas para mantener la piel suave e hidratada.<br \/>\n2. Preparados farmac\u00e9uticos: se utilizan a menudo como base de ung\u00fcentos y cremas t\u00f3picas para proporcionar protecci\u00f3n e hidrataci\u00f3n.<br \/>\n3. Uso industrial: utilizados como lubricantes, inhibidores de oxidaci\u00f3n y aditivos pl\u00e1sticos.<\/p>","protected":false},"excerpt":{"rendered":"<p>Nombre del producto: lanolina<\/p>\n<p>No. CAS: 8006-54-0<\/p>\n<p>Apariencia: S\u00f3lido blanco, a veces con color amarillo claro o marr\u00f3n.<\/p>","protected":false},"featured_media":5179,"template":"","meta":{"_acf_changed":false,"_gspb_post_css":""},"product_brand":[],"product_cat":[60,132],"product_tag":[],"class_list":{"0":"post-5972","1":"product","2":"type-product","3":"status-publish","4":"has-post-thumbnail","6":"product_cat-cosmetic-ingredients","7":"product_cat-moisturizing","9":"first","10":"instock","11":"shipping-taxable","12":"product-type-simple"},"acf":[],"_links":{"self":[{"href":"https:\/\/wpachem.com\/es\/wp-json\/wp\/v2\/product\/5972","targetHints":{"allow":["GET"]}}],"collection":[{"href":"https:\/\/wpachem.com\/es\/wp-json\/wp\/v2\/product"}],"about":[{"href":"https:\/\/wpachem.com\/es\/wp-json\/wp\/v2\/types\/product"}],"version-history":[{"count":0,"href":"https:\/\/wpachem.com\/es\/wp-json\/wp\/v2\/product\/5972\/revisions"}],"wp:featuredmedia":[{"embeddable":true,"href":"https:\/\/wpachem.com\/es\/wp-json\/wp\/v2\/media\/5179"}],"wp:attachment":[{"href":"https:\/\/wpachem.com\/es\/wp-json\/wp\/v2\/media?parent=5972"}],"wp:term":[{"taxonomy":"product_brand","embeddable":true,"href":"https:\/\/wpachem.com\/es\/wp-json\/wp\/v2\/product_brand?post=5972"},{"taxonomy":"product_cat","embeddable":true,"href":"https:\/\/wpachem.com\/es\/wp-json\/wp\/v2\/product_cat?post=5972"},{"taxonomy":"product_tag","embeddable":true,"href":"https:\/\/wpachem.com\/es\/wp-json\/wp\/v2\/product_tag?post=5972"}],"curies":[{"name":"wp","href":"https:\/\/api.w.org\/{rel}","templated":true}]}}