{"id":5974,"date":"2024-02-07T05:47:11","date_gmt":"2024-02-07T05:47:11","guid":{"rendered":"https:\/\/wpachem.com\/?post_type=product&#038;p=5974"},"modified":"2024-02-07T05:51:04","modified_gmt":"2024-02-07T05:51:04","slug":"mannitol-cas-69-65-8","status":"publish","type":"product","link":"https:\/\/wpachem.com\/es\/producto\/mannitol-cas-69-65-8\/","title":{"rendered":"Manitol CAS 69-65-8"},"content":{"rendered":"<p><strong>Caracter\u00edstica<\/strong><\/p>\n<p>S\u00f3lido cristalino incoloro<\/p>\n<p><strong>Solicitud:<\/strong><\/p>\n<p>1. Industria alimentaria: el manitol tiene un sabor dulce, pero no afecta los niveles de az\u00facar en sangre como la sacarosa, por lo que a menudo se usa para elaborar alimentos bajos o sin az\u00facar (como chicles, dulces, galletas, etc.).<br \/>\n2. Industria farmac\u00e9utica: el manitol se puede utilizar como humectante intestinal, adyuvante de f\u00e1rmacos para diab\u00e9ticos y agente aromatizante para preparaciones orales.<br \/>\n3. Industria cosm\u00e9tica: el manitol puede mantener la humedad de la piel, tiene efectos humectantes y antisequedad y se usa a menudo en cosm\u00e9ticos y productos para el cuidado de la piel.<\/p>","protected":false},"excerpt":{"rendered":"<p>Nombre del producto: s\u00f3lido cristalino incoloro<\/p>\n<p>N.\u00ba de CAS: 69-65-8<\/p>\n<p>Frecuencia intermedia: C6H14O6<\/p>\n<p>Aspecto: s\u00f3lido cristalino incoloro<\/p>","protected":false},"featured_media":5182,"template":"","meta":{"_acf_changed":false,"_gspb_post_css":""},"product_brand":[],"product_cat":[55,132,56,60],"product_tag":[],"class_list":{"0":"post-5974","1":"product","2":"type-product","3":"status-publish","4":"has-post-thumbnail","6":"product_cat-food-additives","7":"product_cat-moisturizing","8":"product_cat-sweetener","9":"product_cat-cosmetic-ingredients","11":"first","12":"instock","13":"shipping-taxable","14":"product-type-simple"},"acf":[],"_links":{"self":[{"href":"https:\/\/wpachem.com\/es\/wp-json\/wp\/v2\/product\/5974","targetHints":{"allow":["GET"]}}],"collection":[{"href":"https:\/\/wpachem.com\/es\/wp-json\/wp\/v2\/product"}],"about":[{"href":"https:\/\/wpachem.com\/es\/wp-json\/wp\/v2\/types\/product"}],"version-history":[{"count":0,"href":"https:\/\/wpachem.com\/es\/wp-json\/wp\/v2\/product\/5974\/revisions"}],"wp:featuredmedia":[{"embeddable":true,"href":"https:\/\/wpachem.com\/es\/wp-json\/wp\/v2\/media\/5182"}],"wp:attachment":[{"href":"https:\/\/wpachem.com\/es\/wp-json\/wp\/v2\/media?parent=5974"}],"wp:term":[{"taxonomy":"product_brand","embeddable":true,"href":"https:\/\/wpachem.com\/es\/wp-json\/wp\/v2\/product_brand?post=5974"},{"taxonomy":"product_cat","embeddable":true,"href":"https:\/\/wpachem.com\/es\/wp-json\/wp\/v2\/product_cat?post=5974"},{"taxonomy":"product_tag","embeddable":true,"href":"https:\/\/wpachem.com\/es\/wp-json\/wp\/v2\/product_tag?post=5974"}],"curies":[{"name":"wp","href":"https:\/\/api.w.org\/{rel}","templated":true}]}}