{"id":5976,"date":"2024-02-07T05:51:31","date_gmt":"2024-02-07T05:51:31","guid":{"rendered":"https:\/\/wpachem.com\/?post_type=product&#038;p=5976"},"modified":"2024-02-07T05:55:17","modified_gmt":"2024-02-07T05:55:17","slug":"dl-lactic-acid-sodium-salt-cas-72-17-3-sodium-lactate","status":"publish","type":"product","link":"https:\/\/wpachem.com\/es\/producto\/dl-lactic-acid-sodium-salt-cas-72-17-3-sodium-lactate\/","title":{"rendered":"Sal s\u00f3dica del \u00e1cido DL-l\u00e1ctico CAS 72-17-3 Lactato de sodio"},"content":{"rendered":"<p><strong>Caracter\u00edstica<\/strong><\/p>\n<p>Cristal blanco o polvo cristalino.<\/p>\n<p><strong>Solicitud:<\/strong><\/p>\n<p>1. Industria alimentaria: como conservante de alimentos, el lactato de sodio puede inhibir el crecimiento de bacterias y moho y prolongar la vida \u00fatil de los alimentos.<br \/>\n2. Industria farmac\u00e9utica: el lactato de sodio se puede utilizar como tamp\u00f3n y neutralizador de \u00e1cido para ajustar el valor del pH en el proceso farmac\u00e9utico.<br \/>\n3. Industria cosm\u00e9tica: el lactato de sodio se puede utilizar para ajustar el valor del pH de los productos cosm\u00e9ticos y mejorar la estabilidad del producto.<\/p>","protected":false},"excerpt":{"rendered":"<p>Nombre del producto: Lactato de sodio<\/p>\n<p>N.\u00ba CAS: 72-17-3<\/p>\n<p>MF:C3H5NaO3<\/p>\n<p>Aspecto: Cristal blanco o polvo cristalino.<\/p>","protected":false},"featured_media":5179,"template":"","meta":{"_acf_changed":false,"_gspb_post_css":""},"product_brand":[],"product_cat":[55,135,57,60],"product_tag":[],"class_list":{"0":"post-5976","1":"product","2":"type-product","3":"status-publish","4":"has-post-thumbnail","6":"product_cat-food-additives","7":"product_cat-preservative-cosmetic-ingredients","8":"product_cat-preservative","9":"product_cat-cosmetic-ingredients","11":"first","12":"instock","13":"shipping-taxable","14":"product-type-simple"},"acf":[],"_links":{"self":[{"href":"https:\/\/wpachem.com\/es\/wp-json\/wp\/v2\/product\/5976","targetHints":{"allow":["GET"]}}],"collection":[{"href":"https:\/\/wpachem.com\/es\/wp-json\/wp\/v2\/product"}],"about":[{"href":"https:\/\/wpachem.com\/es\/wp-json\/wp\/v2\/types\/product"}],"version-history":[{"count":0,"href":"https:\/\/wpachem.com\/es\/wp-json\/wp\/v2\/product\/5976\/revisions"}],"wp:featuredmedia":[{"embeddable":true,"href":"https:\/\/wpachem.com\/es\/wp-json\/wp\/v2\/media\/5179"}],"wp:attachment":[{"href":"https:\/\/wpachem.com\/es\/wp-json\/wp\/v2\/media?parent=5976"}],"wp:term":[{"taxonomy":"product_brand","embeddable":true,"href":"https:\/\/wpachem.com\/es\/wp-json\/wp\/v2\/product_brand?post=5976"},{"taxonomy":"product_cat","embeddable":true,"href":"https:\/\/wpachem.com\/es\/wp-json\/wp\/v2\/product_cat?post=5976"},{"taxonomy":"product_tag","embeddable":true,"href":"https:\/\/wpachem.com\/es\/wp-json\/wp\/v2\/product_tag?post=5976"}],"curies":[{"name":"wp","href":"https:\/\/api.w.org\/{rel}","templated":true}]}}