{"id":5978,"date":"2024-02-07T05:55:38","date_gmt":"2024-02-07T05:55:38","guid":{"rendered":"https:\/\/wpachem.com\/?post_type=product&#038;p=5978"},"modified":"2024-02-07T06:00:17","modified_gmt":"2024-02-07T06:00:17","slug":"d-trehalose-anhydrous-cas-99-20-7","status":"publish","type":"product","link":"https:\/\/wpachem.com\/es\/producto\/d-trehalose-anhydrous-cas-99-20-7\/","title":{"rendered":"D-trehalosa anhidra CAS 99-20-7"},"content":{"rendered":"<p><strong>Caracter\u00edstica<\/strong><\/p>\n<p>Polvo cristalino blanco<\/p>\n<p><strong>Solicitud:<\/strong><\/p>\n<p>1. Industria alimentaria: la trehalosa es un aditivo alimentario importante que se puede utilizar como edulcorante, aromatizante y humectante para aportar dulzura y mejorar el sabor.<\/p>\n<p>2. Campo farmac\u00e9utico: La trehalosa tiene ciertas propiedades hidratantes y lubricantes y se utiliza a menudo en la preparaci\u00f3n de medicamentos orales, ung\u00fcentos y comprimidos recubiertos de az\u00facar.<\/p>\n<p>3. Biotecnolog\u00eda: la trehalosa se puede utilizar como agente protector celular y tiene un buen efecto protector sobre la criopreservaci\u00f3n celular y la recuperaci\u00f3n del estr\u00e9s.<\/p>","protected":false},"excerpt":{"rendered":"<p>Nombre del producto: D-trehalosa anhidra<\/p>\n<p>No. CAS: 99-20-7<\/p>\n<p>Frecuencia intermedia: C12H22O11<\/p>\n<p>Aspecto: Polvo cristalino blanco<\/p>","protected":false},"featured_media":5182,"template":"","meta":{"_acf_changed":false,"_gspb_post_css":""},"product_brand":[],"product_cat":[55,56],"product_tag":[],"class_list":{"0":"post-5978","1":"product","2":"type-product","3":"status-publish","4":"has-post-thumbnail","6":"product_cat-food-additives","7":"product_cat-sweetener","9":"first","10":"instock","11":"shipping-taxable","12":"product-type-simple"},"acf":[],"_links":{"self":[{"href":"https:\/\/wpachem.com\/es\/wp-json\/wp\/v2\/product\/5978","targetHints":{"allow":["GET"]}}],"collection":[{"href":"https:\/\/wpachem.com\/es\/wp-json\/wp\/v2\/product"}],"about":[{"href":"https:\/\/wpachem.com\/es\/wp-json\/wp\/v2\/types\/product"}],"version-history":[{"count":0,"href":"https:\/\/wpachem.com\/es\/wp-json\/wp\/v2\/product\/5978\/revisions"}],"wp:featuredmedia":[{"embeddable":true,"href":"https:\/\/wpachem.com\/es\/wp-json\/wp\/v2\/media\/5182"}],"wp:attachment":[{"href":"https:\/\/wpachem.com\/es\/wp-json\/wp\/v2\/media?parent=5978"}],"wp:term":[{"taxonomy":"product_brand","embeddable":true,"href":"https:\/\/wpachem.com\/es\/wp-json\/wp\/v2\/product_brand?post=5978"},{"taxonomy":"product_cat","embeddable":true,"href":"https:\/\/wpachem.com\/es\/wp-json\/wp\/v2\/product_cat?post=5978"},{"taxonomy":"product_tag","embeddable":true,"href":"https:\/\/wpachem.com\/es\/wp-json\/wp\/v2\/product_tag?post=5978"}],"curies":[{"name":"wp","href":"https:\/\/api.w.org\/{rel}","templated":true}]}}