{"id":5980,"date":"2024-02-07T06:02:34","date_gmt":"2024-02-07T06:02:34","guid":{"rendered":"https:\/\/wpachem.com\/?post_type=product&#038;p=5980"},"modified":"2024-02-07T06:07:42","modified_gmt":"2024-02-07T06:07:42","slug":"chitin-cas-1398-61-4","status":"publish","type":"product","link":"https:\/\/wpachem.com\/es\/producto\/chitin-cas-1398-61-4\/","title":{"rendered":"Quitina CAS 1398-61-4"},"content":{"rendered":"<p><strong>Caracter\u00edstica<\/strong><\/p>\n<p>Un s\u00f3lido de color blanco a ligeramente amarillo, generalmente en forma de polvo.<\/p>\n<p><strong>Solicitud:<\/strong><\/p>\n<p>1. Campo farmac\u00e9utico: se utiliza para fabricar materiales para la cicatrizaci\u00f3n de heridas, materiales hemost\u00e1ticos, sistemas de administraci\u00f3n de f\u00e1rmacos de liberaci\u00f3n sostenida, etc.<br \/>\n2. Campo de protecci\u00f3n ambiental: utilizado para la adsorci\u00f3n y eliminaci\u00f3n de iones de metales pesados y contaminantes org\u00e1nicos.<br \/>\n3. Industria alimentaria: como aditivo alimentario, puede aumentar la viscosidad y estabilidad de los alimentos.<\/p>","protected":false},"excerpt":{"rendered":"<p>Nombre del producto: quitina<\/p>\n<p>No. CAS: 1398-61-4<\/p>\n<p>Frecuencia intermedia: C6H11NO4X2<\/p>\n<p>Apariencia: Un s\u00f3lido de color blanco a ligeramente amarillo, generalmente en forma de polvo.<\/p>","protected":false},"featured_media":1974,"template":"","meta":{"_acf_changed":false,"_gspb_post_css":""},"product_brand":[],"product_cat":[55,58],"product_tag":[],"class_list":{"0":"post-5980","1":"product","2":"type-product","3":"status-publish","4":"has-post-thumbnail","6":"product_cat-food-additives","7":"product_cat-thicknerstablizer","9":"first","10":"instock","11":"shipping-taxable","12":"product-type-simple"},"acf":[],"_links":{"self":[{"href":"https:\/\/wpachem.com\/es\/wp-json\/wp\/v2\/product\/5980","targetHints":{"allow":["GET"]}}],"collection":[{"href":"https:\/\/wpachem.com\/es\/wp-json\/wp\/v2\/product"}],"about":[{"href":"https:\/\/wpachem.com\/es\/wp-json\/wp\/v2\/types\/product"}],"version-history":[{"count":0,"href":"https:\/\/wpachem.com\/es\/wp-json\/wp\/v2\/product\/5980\/revisions"}],"wp:featuredmedia":[{"embeddable":true,"href":"https:\/\/wpachem.com\/es\/wp-json\/wp\/v2\/media\/1974"}],"wp:attachment":[{"href":"https:\/\/wpachem.com\/es\/wp-json\/wp\/v2\/media?parent=5980"}],"wp:term":[{"taxonomy":"product_brand","embeddable":true,"href":"https:\/\/wpachem.com\/es\/wp-json\/wp\/v2\/product_brand?post=5980"},{"taxonomy":"product_cat","embeddable":true,"href":"https:\/\/wpachem.com\/es\/wp-json\/wp\/v2\/product_cat?post=5980"},{"taxonomy":"product_tag","embeddable":true,"href":"https:\/\/wpachem.com\/es\/wp-json\/wp\/v2\/product_tag?post=5980"}],"curies":[{"name":"wp","href":"https:\/\/api.w.org\/{rel}","templated":true}]}}