{"id":5981,"date":"2024-02-07T06:19:43","date_gmt":"2024-02-07T06:19:43","guid":{"rendered":"https:\/\/wpachem.com\/?post_type=product&#038;p=5981"},"modified":"2024-02-07T06:19:43","modified_gmt":"2024-02-07T06:19:43","slug":"fema-2817-cas-8002-72-0","status":"publish","type":"product","link":"https:\/\/wpachem.com\/es\/producto\/fema-2817-cas-8002-72-0\/","title":{"rendered":"FEMA 2817 CAS 8002-72-0"},"content":{"rendered":"<p><strong>Caracter\u00edstica<\/strong><\/p>\n<p>L\u00edquido transparente de color amarillo \u00e1mbar a naranja \u00e1mbar. Fuerte aroma y olor a cebolla, disuelto en etanol 90%.<\/p>\n<p><strong>Solicitud:<\/strong><\/p>\n<ol>\n<li>La acci\u00f3n antibacteriana, mediante la reacci\u00f3n de compuestos que contienen azufre con ciertos amino\u00e1cidos en la pared celular microbiana, impide la expresi\u00f3n normal de las prote\u00ednas, inhibiendo as\u00ed la reproducci\u00f3n bacteriana. El aceite esencial de cebolla puede inhibir una variedad de bacterias y hongos, incluidos estafilococos, estreptococos, arctococos y bacilos.<\/li>\n<li>\u00a0Efecto antioxidante, el aceite esencial de cebolla puede mejorar la actividad de la catalasa y la super\u00f3xido dismutasa, mejorando as\u00ed la respuesta antioxidante del cuerpo al estr\u00e9s.<\/li>\n<li>\u00a0Efecto anticancer\u00edgeno, los estudios han se\u00f1alado que los compuestos de azufre contenidos en el aceite esencial de cebolla pueden inhibir el c\u00e1ncer g\u00e1strico y el c\u00e1ncer de es\u00f3fago al regular las enzimas metab\u00f3licas de los factores cancerosos.<\/li>\n<\/ol>","protected":false},"excerpt":{"rendered":"<p>Nombre del producto: FEMA 2817<\/p>\n<p>No. CAS: 8002-72-0<\/p>\n<p>MF:C8H12S2<\/p>\n<p>Aspecto: L\u00edquido transparente de color amarillo \u00e1mbar a naranja \u00e1mbar<\/p>","protected":false},"featured_media":5860,"template":"","meta":{"_acf_changed":false,"_gspb_post_css":""},"product_brand":[],"product_cat":[61],"product_tag":[],"class_list":{"0":"post-5981","1":"product","2":"type-product","3":"status-publish","4":"has-post-thumbnail","6":"product_cat-flavor-and-fragrance","8":"first","9":"instock","10":"shipping-taxable","11":"product-type-simple"},"acf":[],"_links":{"self":[{"href":"https:\/\/wpachem.com\/es\/wp-json\/wp\/v2\/product\/5981","targetHints":{"allow":["GET"]}}],"collection":[{"href":"https:\/\/wpachem.com\/es\/wp-json\/wp\/v2\/product"}],"about":[{"href":"https:\/\/wpachem.com\/es\/wp-json\/wp\/v2\/types\/product"}],"version-history":[{"count":0,"href":"https:\/\/wpachem.com\/es\/wp-json\/wp\/v2\/product\/5981\/revisions"}],"wp:featuredmedia":[{"embeddable":true,"href":"https:\/\/wpachem.com\/es\/wp-json\/wp\/v2\/media\/5860"}],"wp:attachment":[{"href":"https:\/\/wpachem.com\/es\/wp-json\/wp\/v2\/media?parent=5981"}],"wp:term":[{"taxonomy":"product_brand","embeddable":true,"href":"https:\/\/wpachem.com\/es\/wp-json\/wp\/v2\/product_brand?post=5981"},{"taxonomy":"product_cat","embeddable":true,"href":"https:\/\/wpachem.com\/es\/wp-json\/wp\/v2\/product_cat?post=5981"},{"taxonomy":"product_tag","embeddable":true,"href":"https:\/\/wpachem.com\/es\/wp-json\/wp\/v2\/product_tag?post=5981"}],"curies":[{"name":"wp","href":"https:\/\/api.w.org\/{rel}","templated":true}]}}