{"id":5983,"date":"2024-02-07T06:07:51","date_gmt":"2024-02-07T06:07:51","guid":{"rendered":"https:\/\/wpachem.com\/?post_type=product&#038;p=5983"},"modified":"2024-02-07T06:17:30","modified_gmt":"2024-02-07T06:17:30","slug":"resveratrol-cas-501-36-0","status":"publish","type":"product","link":"https:\/\/wpachem.com\/es\/producto\/resveratrol-cas-501-36-0\/","title":{"rendered":"Resveratrol CAS 501-36-0"},"content":{"rendered":"<p><strong>Caracter\u00edstica<\/strong><\/p>\n<p>Polvo cristalino o con forma de aguja incoloro o ligeramente amarillo<\/p>\n<p><strong>Solicitud:<\/strong><\/p>\n<p>Es un potente antioxidante natural que neutraliza los radicales libres y protege las c\u00e9lulas del da\u00f1o del estr\u00e9s oxidativo.<br \/>\nTiene actividad antiinflamatoria y anticancer\u00edgena, inhibe las respuestas inflamatorias y rompe el da\u00f1o del ADN causado por los radicales libres.<br \/>\nPuede reducir el colesterol en sangre y proteger la salud cardiovascular.<\/p>","protected":false},"excerpt":{"rendered":"<p>Nombre del producto: Resveratrol<\/p>\n<p>No. CAS: 501-36-0<\/p>\n<p>Frecuencia intermedia: C14H12O3<\/p>\n<p>Apariencia: Polvo cristalino o con forma de aguja, incoloro o ligeramente amarillo.<\/p>","protected":false},"featured_media":5179,"template":"","meta":{"_acf_changed":false,"_gspb_post_css":""},"product_brand":[],"product_cat":[55,131,60,103],"product_tag":[],"class_list":{"0":"post-5983","1":"product","2":"type-product","3":"status-publish","4":"has-post-thumbnail","6":"product_cat-food-additives","7":"product_cat-antioxidant","8":"product_cat-cosmetic-ingredients","9":"product_cat-nutrition-enhancer","11":"first","12":"instock","13":"shipping-taxable","14":"product-type-simple"},"acf":[],"_links":{"self":[{"href":"https:\/\/wpachem.com\/es\/wp-json\/wp\/v2\/product\/5983","targetHints":{"allow":["GET"]}}],"collection":[{"href":"https:\/\/wpachem.com\/es\/wp-json\/wp\/v2\/product"}],"about":[{"href":"https:\/\/wpachem.com\/es\/wp-json\/wp\/v2\/types\/product"}],"version-history":[{"count":0,"href":"https:\/\/wpachem.com\/es\/wp-json\/wp\/v2\/product\/5983\/revisions"}],"wp:featuredmedia":[{"embeddable":true,"href":"https:\/\/wpachem.com\/es\/wp-json\/wp\/v2\/media\/5179"}],"wp:attachment":[{"href":"https:\/\/wpachem.com\/es\/wp-json\/wp\/v2\/media?parent=5983"}],"wp:term":[{"taxonomy":"product_brand","embeddable":true,"href":"https:\/\/wpachem.com\/es\/wp-json\/wp\/v2\/product_brand?post=5983"},{"taxonomy":"product_cat","embeddable":true,"href":"https:\/\/wpachem.com\/es\/wp-json\/wp\/v2\/product_cat?post=5983"},{"taxonomy":"product_tag","embeddable":true,"href":"https:\/\/wpachem.com\/es\/wp-json\/wp\/v2\/product_tag?post=5983"}],"curies":[{"name":"wp","href":"https:\/\/api.w.org\/{rel}","templated":true}]}}