{"id":5985,"date":"2024-02-07T06:18:50","date_gmt":"2024-02-07T06:18:50","guid":{"rendered":"https:\/\/wpachem.com\/?post_type=product&#038;p=5985"},"modified":"2024-02-07T06:21:59","modified_gmt":"2024-02-07T06:21:59","slug":"coenzyme-q10-cas-303-98-0","status":"publish","type":"product","link":"https:\/\/wpachem.com\/es\/producto\/coenzyme-q10-cas-303-98-0\/","title":{"rendered":"Coenzima Q10 CAS 303-98-0"},"content":{"rendered":"<p><strong>Caracter\u00edstica<\/strong><\/p>\n<p>Polvo cristalino amarillo<\/p>\n<p><strong>Solicitud:<\/strong><\/p>\n<p>La coenzima Q10 se utiliza ampliamente en suplementos de salud y productos antienvejecimiento para reducir el da\u00f1o del estr\u00e9s oxidativo a las c\u00e9lulas y los tejidos.<br \/>\nLa coenzima Q10 tambi\u00e9n se utiliza como tratamiento auxiliar para ciertas enfermedades card\u00edacas, hipertensi\u00f3n arterial, debilidad muscular y otras enfermedades.<\/p>","protected":false},"excerpt":{"rendered":"<p>Nombre del producto: Coenzima Q10<\/p>\n<p>N.\u00ba CAS: 303-98-0<\/p>\n<p>N\u00famero de modelo: C59H90O4<\/p>\n<p>Aspecto: Polvo cristalino amarillo.<\/p>","protected":false},"featured_media":5830,"template":"","meta":{"_acf_changed":false,"_gspb_post_css":""},"product_brand":[],"product_cat":[55,131,103,60],"product_tag":[],"class_list":{"0":"post-5985","1":"product","2":"type-product","3":"status-publish","4":"has-post-thumbnail","6":"product_cat-food-additives","7":"product_cat-antioxidant","8":"product_cat-nutrition-enhancer","9":"product_cat-cosmetic-ingredients","11":"first","12":"instock","13":"shipping-taxable","14":"product-type-simple"},"acf":[],"_links":{"self":[{"href":"https:\/\/wpachem.com\/es\/wp-json\/wp\/v2\/product\/5985","targetHints":{"allow":["GET"]}}],"collection":[{"href":"https:\/\/wpachem.com\/es\/wp-json\/wp\/v2\/product"}],"about":[{"href":"https:\/\/wpachem.com\/es\/wp-json\/wp\/v2\/types\/product"}],"version-history":[{"count":0,"href":"https:\/\/wpachem.com\/es\/wp-json\/wp\/v2\/product\/5985\/revisions"}],"wp:featuredmedia":[{"embeddable":true,"href":"https:\/\/wpachem.com\/es\/wp-json\/wp\/v2\/media\/5830"}],"wp:attachment":[{"href":"https:\/\/wpachem.com\/es\/wp-json\/wp\/v2\/media?parent=5985"}],"wp:term":[{"taxonomy":"product_brand","embeddable":true,"href":"https:\/\/wpachem.com\/es\/wp-json\/wp\/v2\/product_brand?post=5985"},{"taxonomy":"product_cat","embeddable":true,"href":"https:\/\/wpachem.com\/es\/wp-json\/wp\/v2\/product_cat?post=5985"},{"taxonomy":"product_tag","embeddable":true,"href":"https:\/\/wpachem.com\/es\/wp-json\/wp\/v2\/product_tag?post=5985"}],"curies":[{"name":"wp","href":"https:\/\/api.w.org\/{rel}","templated":true}]}}