{"id":5987,"date":"2024-02-07T06:28:55","date_gmt":"2024-02-07T06:28:55","guid":{"rendered":"https:\/\/wpachem.com\/?post_type=product&#038;p=5987"},"modified":"2024-02-07T06:28:56","modified_gmt":"2024-02-07T06:28:56","slug":"ylang-ylang-oil-cas-8006-81-3","status":"publish","type":"product","link":"https:\/\/wpachem.com\/es\/producto\/ylang-ylang-oil-cas-8006-81-3\/","title":{"rendered":"Aceite de ylang ylang CAS 8006-81-3"},"content":{"rendered":"<p><strong>Caracter\u00edstica<\/strong><\/p>\n<p>L\u00edquido de color amarillo claro con una caracter\u00edstica fragancia floral clara.<\/p>\n<p><strong>Solicitud:<\/strong><\/p>\n<p>Fragancia comestible, el ylang ylang puede regular muchos problemas del sistema reproductivo, es el aceite de elecci\u00f3n para equilibrar las hormonas femeninas. Puede aliviar la depresi\u00f3n, la apat\u00eda, la ansiedad, el p\u00e1nico y los trastornos endocrinos.<\/p>","protected":false},"excerpt":{"rendered":"<p>Nombre del producto: Aceite de Ylang Ylang<\/p>\n<p>N.\u00ba CAS: 8006-81-3<\/p>\n<p>Aspecto: L\u00edquido amarillo claro<\/p>","protected":false},"featured_media":3321,"template":"","meta":{"_acf_changed":false,"_gspb_post_css":""},"product_brand":[],"product_cat":[61],"product_tag":[],"class_list":{"0":"post-5987","1":"product","2":"type-product","3":"status-publish","4":"has-post-thumbnail","6":"product_cat-flavor-and-fragrance","8":"first","9":"instock","10":"shipping-taxable","11":"product-type-simple"},"acf":[],"_links":{"self":[{"href":"https:\/\/wpachem.com\/es\/wp-json\/wp\/v2\/product\/5987","targetHints":{"allow":["GET"]}}],"collection":[{"href":"https:\/\/wpachem.com\/es\/wp-json\/wp\/v2\/product"}],"about":[{"href":"https:\/\/wpachem.com\/es\/wp-json\/wp\/v2\/types\/product"}],"version-history":[{"count":0,"href":"https:\/\/wpachem.com\/es\/wp-json\/wp\/v2\/product\/5987\/revisions"}],"wp:featuredmedia":[{"embeddable":true,"href":"https:\/\/wpachem.com\/es\/wp-json\/wp\/v2\/media\/3321"}],"wp:attachment":[{"href":"https:\/\/wpachem.com\/es\/wp-json\/wp\/v2\/media?parent=5987"}],"wp:term":[{"taxonomy":"product_brand","embeddable":true,"href":"https:\/\/wpachem.com\/es\/wp-json\/wp\/v2\/product_brand?post=5987"},{"taxonomy":"product_cat","embeddable":true,"href":"https:\/\/wpachem.com\/es\/wp-json\/wp\/v2\/product_cat?post=5987"},{"taxonomy":"product_tag","embeddable":true,"href":"https:\/\/wpachem.com\/es\/wp-json\/wp\/v2\/product_tag?post=5987"}],"curies":[{"name":"wp","href":"https:\/\/api.w.org\/{rel}","templated":true}]}}