{"id":5990,"date":"2024-02-07T06:34:48","date_gmt":"2024-02-07T06:34:48","guid":{"rendered":"https:\/\/wpachem.com\/?post_type=product&#038;p=5990"},"modified":"2024-04-26T05:39:53","modified_gmt":"2024-04-26T05:39:53","slug":"wintergreen-oil-cas-68917-75-9","status":"publish","type":"product","link":"https:\/\/wpachem.com\/es\/producto\/wintergreen-oil-cas-68917-75-9\/","title":{"rendered":"Aceite de gaulteria CAS 68917-75-9"},"content":{"rendered":"<p><strong>Caracter\u00edstica<\/strong><\/p>\n<p>L\u00edquido incoloro a amarillo claro, soluci\u00f3n de dipropilenglicol 10.00%. Olor fresco y dulce a acebo.<\/p>\n<p><strong>Solicitud:<\/strong><\/p>\n<p>Como agente enrojecedor t\u00f3pico, a menudo se usa para reducir la hinchaz\u00f3n y aliviar el dolor, pero luego debido a efectos secundarios relacionados, como afectar la actividad de los iones de hierro en la sangre, rara vez se usa para medicina interna. El aceite de acebo tiene un efecto estimulante local, puede promover la circulaci\u00f3n sangu\u00ednea local, la aplicaci\u00f3n externa o el frotamiento local pueden producir dilataci\u00f3n vascular de la piel, enrojecimiento de la piel y otras reacciones estimulantes, y afectan de forma refleja las partes correspondientes de la piel, m\u00fasculos, nervios y articulaciones, jugando as\u00ed. tiene un efecto hinchante, antiinflamatorio y analg\u00e9sico, pero tambi\u00e9n tiene el efecto de aliviar el picor. Puede usarse para esguinces, contusiones, lumbago, dolores musculares, neuralgias, picazones.<\/p>","protected":false},"excerpt":{"rendered":"<p>Nombre del producto: Aceite de gaulteria<\/p>\n<p>N.\u00ba CAS: 68917-75-9<\/p>\n<p>Frecuencia intermedia: C8H8O3<\/p>\n<p>Aspecto: L\u00edquido incoloro a amarillo claro.<\/p>","protected":false},"featured_media":4788,"template":"","meta":{"_acf_changed":false,"_gspb_post_css":""},"product_brand":[],"product_cat":[52,24],"product_tag":[],"class_list":{"0":"post-5990","1":"product","2":"type-product","3":"status-publish","4":"has-post-thumbnail","6":"product_cat-pigment","7":"product_cat-uncategorized","9":"first","10":"instock","11":"shipping-taxable","12":"product-type-simple"},"acf":[],"_links":{"self":[{"href":"https:\/\/wpachem.com\/es\/wp-json\/wp\/v2\/product\/5990","targetHints":{"allow":["GET"]}}],"collection":[{"href":"https:\/\/wpachem.com\/es\/wp-json\/wp\/v2\/product"}],"about":[{"href":"https:\/\/wpachem.com\/es\/wp-json\/wp\/v2\/types\/product"}],"version-history":[{"count":0,"href":"https:\/\/wpachem.com\/es\/wp-json\/wp\/v2\/product\/5990\/revisions"}],"wp:featuredmedia":[{"embeddable":true,"href":"https:\/\/wpachem.com\/es\/wp-json\/wp\/v2\/media\/4788"}],"wp:attachment":[{"href":"https:\/\/wpachem.com\/es\/wp-json\/wp\/v2\/media?parent=5990"}],"wp:term":[{"taxonomy":"product_brand","embeddable":true,"href":"https:\/\/wpachem.com\/es\/wp-json\/wp\/v2\/product_brand?post=5990"},{"taxonomy":"product_cat","embeddable":true,"href":"https:\/\/wpachem.com\/es\/wp-json\/wp\/v2\/product_cat?post=5990"},{"taxonomy":"product_tag","embeddable":true,"href":"https:\/\/wpachem.com\/es\/wp-json\/wp\/v2\/product_tag?post=5990"}],"curies":[{"name":"wp","href":"https:\/\/api.w.org\/{rel}","templated":true}]}}