{"id":5991,"date":"2024-02-07T06:29:19","date_gmt":"2024-02-07T06:29:19","guid":{"rendered":"https:\/\/wpachem.com\/?post_type=product&#038;p=5991"},"modified":"2024-02-07T06:31:55","modified_gmt":"2024-02-07T06:31:55","slug":"octyl-p-methoxycinnamate-cas-5466-77-3","status":"publish","type":"product","link":"https:\/\/wpachem.com\/es\/producto\/octyl-p-methoxycinnamate-cas-5466-77-3\/","title":{"rendered":"P-metoxicinamato de octilo CAS 5466-77-3"},"content":{"rendered":"<p><strong>Caracter\u00edstica<\/strong><\/p>\n<p>L\u00edquido incoloro a amarillo claro.<\/p>\n<p><strong>Solicitud:<\/strong><\/p>\n<p>Fragancia: Por su arom\u00e1tico sabor a vainilla, es muy utilizado como ingrediente aromatizante en perfumes, jabones, cigarrillos, l\u00e1pices labiales y alimentos, etc.<br \/>\nConservante: Se utiliza como conservante en alimentos y bebidas para alargar su vida \u00fatil.<br \/>\nCosm\u00e9ticos: A menudo se utiliza en cosm\u00e9ticos y productos para el cuidado de la piel, como cremas y champ\u00fas, para aumentar su fragancia.<br \/>\nMedicamentos: En ocasiones se utilizan en la industria farmac\u00e9utica como aditivos con fines farmac\u00e9uticos o m\u00e9dicos.<\/p>","protected":false},"excerpt":{"rendered":"<p>Nombre del producto: P-metoxicinamato de octilo<\/p>\n<p>N.\u00ba CAS: 5466-77-3<\/p>\n<p>Mb:C18H26O3<\/p>\n<p>Aspecto: L\u00edquido incoloro a amarillo claro.<\/p>","protected":false},"featured_media":5867,"template":"","meta":{"_acf_changed":false,"_gspb_post_css":""},"product_brand":[],"product_cat":[55,57,60,61],"product_tag":[],"class_list":{"0":"post-5991","1":"product","2":"type-product","3":"status-publish","4":"has-post-thumbnail","6":"product_cat-food-additives","7":"product_cat-preservative","8":"product_cat-cosmetic-ingredients","9":"product_cat-flavor-and-fragrance","11":"first","12":"instock","13":"shipping-taxable","14":"product-type-simple"},"acf":[],"_links":{"self":[{"href":"https:\/\/wpachem.com\/es\/wp-json\/wp\/v2\/product\/5991","targetHints":{"allow":["GET"]}}],"collection":[{"href":"https:\/\/wpachem.com\/es\/wp-json\/wp\/v2\/product"}],"about":[{"href":"https:\/\/wpachem.com\/es\/wp-json\/wp\/v2\/types\/product"}],"version-history":[{"count":0,"href":"https:\/\/wpachem.com\/es\/wp-json\/wp\/v2\/product\/5991\/revisions"}],"wp:featuredmedia":[{"embeddable":true,"href":"https:\/\/wpachem.com\/es\/wp-json\/wp\/v2\/media\/5867"}],"wp:attachment":[{"href":"https:\/\/wpachem.com\/es\/wp-json\/wp\/v2\/media?parent=5991"}],"wp:term":[{"taxonomy":"product_brand","embeddable":true,"href":"https:\/\/wpachem.com\/es\/wp-json\/wp\/v2\/product_brand?post=5991"},{"taxonomy":"product_cat","embeddable":true,"href":"https:\/\/wpachem.com\/es\/wp-json\/wp\/v2\/product_cat?post=5991"},{"taxonomy":"product_tag","embeddable":true,"href":"https:\/\/wpachem.com\/es\/wp-json\/wp\/v2\/product_tag?post=5991"}],"curies":[{"name":"wp","href":"https:\/\/api.w.org\/{rel}","templated":true}]}}