{"id":5993,"date":"2024-02-07T06:32:03","date_gmt":"2024-02-07T06:32:03","guid":{"rendered":"https:\/\/wpachem.com\/?post_type=product&#038;p=5993"},"modified":"2024-02-07T06:35:31","modified_gmt":"2024-02-07T06:35:31","slug":"asiaticoside-cas-16830-15-2","status":"publish","type":"product","link":"https:\/\/wpachem.com\/es\/producto\/asiaticoside-cas-16830-15-2\/","title":{"rendered":"Asiatic\u00f3sido CAS 16830-15-2"},"content":{"rendered":"<p><strong>Caracter\u00edstica<\/strong><\/p>\n<p>Un cristalino de color amarillo a marr\u00f3n claro.<\/p>\n<p><strong>Solicitud:<\/strong><\/p>\n<p>Asiaticoside tiene una amplia gama de aplicaciones medicinales. Se cree que tiene actividades biol\u00f3gicas antiinflamatorias, antioxidantes y antibacterianas.<br \/>\nEl asiaticosido se puede utilizar para tratar enfermedades relacionadas con la inflamaci\u00f3n, como la artritis reumatoide, la periodontitis, etc. El madecassosido tambi\u00e9n ayuda a mejorar la salud gastrointestinal, favoreciendo la digesti\u00f3n y la motilidad intestinal.<\/p>","protected":false},"excerpt":{"rendered":"<p>Nombre del producto: Asiatic\u00f3sido<\/p>\n<p>N.\u00ba CAS: 16830-15-2<\/p>\n<p>N\u00famero de modelo: C48H78O19<\/p>\n<p>Aspecto: Un cristalino de color amarillo a marr\u00f3n claro.<\/p>","protected":false},"featured_media":5849,"template":"","meta":{"_acf_changed":false,"_gspb_post_css":""},"product_brand":[],"product_cat":[55,124,122,103,59],"product_tag":[],"class_list":{"0":"post-5993","1":"product","2":"type-product","3":"status-publish","4":"has-post-thumbnail","6":"product_cat-food-additives","7":"product_cat-food-additives-plant-extract","8":"product_cat-plant-extract","9":"product_cat-nutrition-enhancer","10":"product_cat-acidity-regulators","12":"first","13":"instock","14":"shipping-taxable","15":"product-type-simple"},"acf":[],"_links":{"self":[{"href":"https:\/\/wpachem.com\/es\/wp-json\/wp\/v2\/product\/5993","targetHints":{"allow":["GET"]}}],"collection":[{"href":"https:\/\/wpachem.com\/es\/wp-json\/wp\/v2\/product"}],"about":[{"href":"https:\/\/wpachem.com\/es\/wp-json\/wp\/v2\/types\/product"}],"version-history":[{"count":0,"href":"https:\/\/wpachem.com\/es\/wp-json\/wp\/v2\/product\/5993\/revisions"}],"wp:featuredmedia":[{"embeddable":true,"href":"https:\/\/wpachem.com\/es\/wp-json\/wp\/v2\/media\/5849"}],"wp:attachment":[{"href":"https:\/\/wpachem.com\/es\/wp-json\/wp\/v2\/media?parent=5993"}],"wp:term":[{"taxonomy":"product_brand","embeddable":true,"href":"https:\/\/wpachem.com\/es\/wp-json\/wp\/v2\/product_brand?post=5993"},{"taxonomy":"product_cat","embeddable":true,"href":"https:\/\/wpachem.com\/es\/wp-json\/wp\/v2\/product_cat?post=5993"},{"taxonomy":"product_tag","embeddable":true,"href":"https:\/\/wpachem.com\/es\/wp-json\/wp\/v2\/product_tag?post=5993"}],"curies":[{"name":"wp","href":"https:\/\/api.w.org\/{rel}","templated":true}]}}