{"id":5995,"date":"2024-02-07T06:39:33","date_gmt":"2024-02-07T06:39:33","guid":{"rendered":"https:\/\/wpachem.com\/?post_type=product&#038;p=5995"},"modified":"2024-02-07T06:39:34","modified_gmt":"2024-02-07T06:39:34","slug":"eucalyptus-oil-cas-8000-48-4","status":"publish","type":"product","link":"https:\/\/wpachem.com\/es\/producto\/eucalyptus-oil-cas-8000-48-4\/","title":{"rendered":"Aceite de eucalipto CAS 8000-48-4"},"content":{"rendered":"<p><strong>Caracter\u00edstica<\/strong><\/p>\n<p>De incoloro a amarillo claro, olor a eucalipto, con un olor medicinal penetrante y fresco.<\/p>\n<p><strong>Solicitud:<\/strong><\/p>\n<ol>\n<li>Se utiliza principalmente en dent\u00edfricos, polvos dent\u00edfricos, talco, jab\u00f3n, aceite refrescante, crema para el viento y otros productos farmac\u00e9uticos para la salud. Tambi\u00e9n se puede utilizar en peque\u00f1as cantidades para preparar algunos aromas de productos qu\u00edmicos de uso diario.<\/li>\n<li>Especias comestibles. Se utilizan principalmente para preparar chicles y caramelos para la tos.<\/li>\n<\/ol>","protected":false},"excerpt":{"rendered":"<p>Nombre del producto: Aceite de eucalipto<\/p>\n<p>N.\u00ba CAS: 8000-48-4<\/p>\n<p>MF:C10H18O<\/p>\n<p>Aspecto: L\u00edquido incoloro a amarillo claro.<\/p>","protected":false},"featured_media":4816,"template":"","meta":{"_acf_changed":false,"_gspb_post_css":""},"product_brand":[],"product_cat":[61],"product_tag":[],"class_list":{"0":"post-5995","1":"product","2":"type-product","3":"status-publish","4":"has-post-thumbnail","6":"product_cat-flavor-and-fragrance","8":"first","9":"instock","10":"shipping-taxable","11":"product-type-simple"},"acf":[],"_links":{"self":[{"href":"https:\/\/wpachem.com\/es\/wp-json\/wp\/v2\/product\/5995","targetHints":{"allow":["GET"]}}],"collection":[{"href":"https:\/\/wpachem.com\/es\/wp-json\/wp\/v2\/product"}],"about":[{"href":"https:\/\/wpachem.com\/es\/wp-json\/wp\/v2\/types\/product"}],"version-history":[{"count":0,"href":"https:\/\/wpachem.com\/es\/wp-json\/wp\/v2\/product\/5995\/revisions"}],"wp:featuredmedia":[{"embeddable":true,"href":"https:\/\/wpachem.com\/es\/wp-json\/wp\/v2\/media\/4816"}],"wp:attachment":[{"href":"https:\/\/wpachem.com\/es\/wp-json\/wp\/v2\/media?parent=5995"}],"wp:term":[{"taxonomy":"product_brand","embeddable":true,"href":"https:\/\/wpachem.com\/es\/wp-json\/wp\/v2\/product_brand?post=5995"},{"taxonomy":"product_cat","embeddable":true,"href":"https:\/\/wpachem.com\/es\/wp-json\/wp\/v2\/product_cat?post=5995"},{"taxonomy":"product_tag","embeddable":true,"href":"https:\/\/wpachem.com\/es\/wp-json\/wp\/v2\/product_tag?post=5995"}],"curies":[{"name":"wp","href":"https:\/\/api.w.org\/{rel}","templated":true}]}}