{"id":5997,"date":"2024-02-07T06:35:56","date_gmt":"2024-02-07T06:35:56","guid":{"rendered":"https:\/\/wpachem.com\/?post_type=product&#038;p=5997"},"modified":"2024-02-07T06:53:41","modified_gmt":"2024-02-07T06:53:41","slug":"azelaic-acid-cas-123-99-9","status":"publish","type":"product","link":"https:\/\/wpachem.com\/es\/producto\/azelaic-acid-cas-123-99-9\/","title":{"rendered":"\u00c1cido azelaico CAS 123-99-9"},"content":{"rendered":"<p><strong>Caracter\u00edstica<\/strong><\/p>\n<p>Cristal blanco o sustancia s\u00f3lida en polvo.<\/p>\n<p><strong>Solicitud:<\/strong><\/p>\n<p>Recubrimientos y resinas: El \u00e1cido azelaico se usa ampliamente en la fabricaci\u00f3n de recubrimientos y resinas para mejorar la adhesi\u00f3n, flexibilidad y durabilidad del recubrimiento.<br \/>\nProductos para la salud: El \u00e1cido azelaico tambi\u00e9n se utiliza como ingrediente en productos para el cuidado de la piel y el cabello para obtener efectos emolientes, suavizantes e hidratantes.<br \/>\nIntermedios qu\u00edmicos: el \u00e1cido azelaico tambi\u00e9n se puede utilizar como intermediario en la s\u00edntesis de otros compuestos, como pol\u00edmeros, tintes y fragancias.<\/p>","protected":false},"excerpt":{"rendered":"<p>Nombre del producto: \u00c1cido azelaico<\/p>\n<p>N.\u00ba CAS: 123-99-9<\/p>\n<p>Mb:C9H16O4<\/p>\n<p>Aspecto: Sustancia s\u00f3lida en polvo o cristal blanco.<\/p>","protected":false},"featured_media":5179,"template":"","meta":{"_acf_changed":false,"_gspb_post_css":""},"product_brand":[],"product_cat":[60,132,136,128],"product_tag":[],"class_list":{"0":"post-5997","1":"product","2":"type-product","3":"status-publish","4":"has-post-thumbnail","6":"product_cat-cosmetic-ingredients","7":"product_cat-moisturizing","8":"product_cat-repairing","9":"product_cat-tanning-agent","11":"first","12":"instock","13":"shipping-taxable","14":"product-type-simple"},"acf":[],"_links":{"self":[{"href":"https:\/\/wpachem.com\/es\/wp-json\/wp\/v2\/product\/5997","targetHints":{"allow":["GET"]}}],"collection":[{"href":"https:\/\/wpachem.com\/es\/wp-json\/wp\/v2\/product"}],"about":[{"href":"https:\/\/wpachem.com\/es\/wp-json\/wp\/v2\/types\/product"}],"version-history":[{"count":0,"href":"https:\/\/wpachem.com\/es\/wp-json\/wp\/v2\/product\/5997\/revisions"}],"wp:featuredmedia":[{"embeddable":true,"href":"https:\/\/wpachem.com\/es\/wp-json\/wp\/v2\/media\/5179"}],"wp:attachment":[{"href":"https:\/\/wpachem.com\/es\/wp-json\/wp\/v2\/media?parent=5997"}],"wp:term":[{"taxonomy":"product_brand","embeddable":true,"href":"https:\/\/wpachem.com\/es\/wp-json\/wp\/v2\/product_brand?post=5997"},{"taxonomy":"product_cat","embeddable":true,"href":"https:\/\/wpachem.com\/es\/wp-json\/wp\/v2\/product_cat?post=5997"},{"taxonomy":"product_tag","embeddable":true,"href":"https:\/\/wpachem.com\/es\/wp-json\/wp\/v2\/product_tag?post=5997"}],"curies":[{"name":"wp","href":"https:\/\/api.w.org\/{rel}","templated":true}]}}