{"id":6003,"date":"2024-02-07T07:06:30","date_gmt":"2024-02-07T07:06:30","guid":{"rendered":"https:\/\/wpachem.com\/?post_type=product&#038;p=6003"},"modified":"2024-02-07T07:17:28","modified_gmt":"2024-02-07T07:17:28","slug":"polyglycerin-10-cas-9041-07-0","status":"publish","type":"product","link":"https:\/\/wpachem.com\/es\/producto\/polyglycerin-10-cas-9041-07-0\/","title":{"rendered":"POLIGLICERINA-10 CAS 9041-07-0"},"content":{"rendered":"<p><strong>Caracter\u00edstica<\/strong><\/p>\n<p>L\u00edquido de color amarillo p\u00e1lido a amarillo claro<\/p>\n<p><strong>Solicitud:<\/strong><\/p>\n<p>El poliglicerol-10 se puede utilizar en diversos productos cosm\u00e9ticos como limpiadores faciales, cremas para la piel, lociones, champ\u00fas, etc. Ayuda a limpiar la piel y el cabello, dej\u00e1ndolos suaves e hidratados.<br \/>\nAdem\u00e1s, aumenta la estabilidad del producto y mejora su textura.<\/p>","protected":false},"excerpt":{"rendered":"<p>Nombre del producto: POLIGLICERINA-10<\/p>\n<p>N.\u00ba CAS: 9041-07-0<\/p>\n<p>N\u00famero de modelo: C30H62O21<\/p>\n<p>Aspecto: L\u00edquido de color amarillo p\u00e1lido a amarillo claro.<\/p>","protected":false},"featured_media":3322,"template":"","meta":{"_acf_changed":false,"_gspb_post_css":""},"product_brand":[],"product_cat":[60,132,128],"product_tag":[],"class_list":{"0":"post-6003","1":"product","2":"type-product","3":"status-publish","4":"has-post-thumbnail","6":"product_cat-cosmetic-ingredients","7":"product_cat-moisturizing","8":"product_cat-tanning-agent","10":"first","11":"instock","12":"shipping-taxable","13":"product-type-simple"},"acf":[],"_links":{"self":[{"href":"https:\/\/wpachem.com\/es\/wp-json\/wp\/v2\/product\/6003","targetHints":{"allow":["GET"]}}],"collection":[{"href":"https:\/\/wpachem.com\/es\/wp-json\/wp\/v2\/product"}],"about":[{"href":"https:\/\/wpachem.com\/es\/wp-json\/wp\/v2\/types\/product"}],"version-history":[{"count":0,"href":"https:\/\/wpachem.com\/es\/wp-json\/wp\/v2\/product\/6003\/revisions"}],"wp:featuredmedia":[{"embeddable":true,"href":"https:\/\/wpachem.com\/es\/wp-json\/wp\/v2\/media\/3322"}],"wp:attachment":[{"href":"https:\/\/wpachem.com\/es\/wp-json\/wp\/v2\/media?parent=6003"}],"wp:term":[{"taxonomy":"product_brand","embeddable":true,"href":"https:\/\/wpachem.com\/es\/wp-json\/wp\/v2\/product_brand?post=6003"},{"taxonomy":"product_cat","embeddable":true,"href":"https:\/\/wpachem.com\/es\/wp-json\/wp\/v2\/product_cat?post=6003"},{"taxonomy":"product_tag","embeddable":true,"href":"https:\/\/wpachem.com\/es\/wp-json\/wp\/v2\/product_tag?post=6003"}],"curies":[{"name":"wp","href":"https:\/\/api.w.org\/{rel}","templated":true}]}}