{"id":6006,"date":"2024-02-07T07:17:41","date_gmt":"2024-02-07T07:17:41","guid":{"rendered":"https:\/\/wpachem.com\/?post_type=product&#038;p=6006"},"modified":"2024-02-07T07:26:27","modified_gmt":"2024-02-07T07:26:27","slug":"sodium-polyglutamate-cas-28829-38-1","status":"publish","type":"product","link":"https:\/\/wpachem.com\/es\/producto\/sodium-polyglutamate-cas-28829-38-1\/","title":{"rendered":"POLIGLUTAMATO DE SODIO CAS 28829-38-1"},"content":{"rendered":"<p><strong>Caracter\u00edstica<\/strong><\/p>\n<p>Polvo cristalino blanco o part\u00edculas cristalinas.<\/p>\n<p><strong>Solicitud:<\/strong><\/p>\n<p>1. Industria alimentaria: como aditivo alimentario, el poliglutamato de sodio puede aumentar el sabor y la textura de los alimentos y mejorar la calidad de los mismos.<br \/>\n2. Campo farmac\u00e9utico: el poliglutamato de sodio se puede utilizar para preparar agentes farmacol\u00f3gicos de liberaci\u00f3n sostenida y agentes calmantes, que pueden ayudar a que los medicamentos se absorban y liberen mejor.<br \/>\n3. Industria cosm\u00e9tica: el poliglutamato de sodio tiene efectos humectantes y antiarrugas y puede usarse en productos para el cuidado de la piel y cosm\u00e9ticos.<\/p>","protected":false},"excerpt":{"rendered":"<p>Nombre del producto: POLIGLUTAMATO DE SODIO<\/p>\n<p>No. CAS: 28829-38-1<\/p>\n<p>Aspecto: Polvo cristalino blanco o part\u00edculas cristalinas<\/p>","protected":false},"featured_media":5182,"template":"","meta":{"_acf_changed":false,"_gspb_post_css":""},"product_brand":[],"product_cat":[55,132,136,101,60],"product_tag":[],"class_list":{"0":"post-6006","1":"product","2":"type-product","3":"status-publish","4":"has-post-thumbnail","6":"product_cat-food-additives","7":"product_cat-moisturizing","8":"product_cat-repairing","9":"product_cat-flavour-enhancer-food-additives","10":"product_cat-cosmetic-ingredients","12":"first","13":"instock","14":"shipping-taxable","15":"product-type-simple"},"acf":[],"_links":{"self":[{"href":"https:\/\/wpachem.com\/es\/wp-json\/wp\/v2\/product\/6006","targetHints":{"allow":["GET"]}}],"collection":[{"href":"https:\/\/wpachem.com\/es\/wp-json\/wp\/v2\/product"}],"about":[{"href":"https:\/\/wpachem.com\/es\/wp-json\/wp\/v2\/types\/product"}],"version-history":[{"count":0,"href":"https:\/\/wpachem.com\/es\/wp-json\/wp\/v2\/product\/6006\/revisions"}],"wp:featuredmedia":[{"embeddable":true,"href":"https:\/\/wpachem.com\/es\/wp-json\/wp\/v2\/media\/5182"}],"wp:attachment":[{"href":"https:\/\/wpachem.com\/es\/wp-json\/wp\/v2\/media?parent=6006"}],"wp:term":[{"taxonomy":"product_brand","embeddable":true,"href":"https:\/\/wpachem.com\/es\/wp-json\/wp\/v2\/product_brand?post=6006"},{"taxonomy":"product_cat","embeddable":true,"href":"https:\/\/wpachem.com\/es\/wp-json\/wp\/v2\/product_cat?post=6006"},{"taxonomy":"product_tag","embeddable":true,"href":"https:\/\/wpachem.com\/es\/wp-json\/wp\/v2\/product_tag?post=6006"}],"curies":[{"name":"wp","href":"https:\/\/api.w.org\/{rel}","templated":true}]}}