{"id":6012,"date":"2024-02-07T07:23:36","date_gmt":"2024-02-07T07:23:36","guid":{"rendered":"https:\/\/wpachem.com\/?post_type=product&#038;p=6012"},"modified":"2024-02-07T07:23:36","modified_gmt":"2024-02-07T07:23:36","slug":"d-camphor-cas-464-49-3","status":"publish","type":"product","link":"https:\/\/wpachem.com\/es\/producto\/d-camphor-cas-464-49-3\/","title":{"rendered":"D-ALCANFOR CAS 464-49-3"},"content":{"rendered":"<p><strong>Caracter\u00edstica<\/strong><\/p>\n<p>Cristal blanco, ligeramente soluble en agua, f\u00e1cilmente soluble en alcohol y aceite ligero, f\u00e1cilmente soluble en aceite graso, muy ligeramente soluble en glicerol.<\/p>\n<p><strong>Solicitud:<\/strong><\/p>\n<p>Es una importante materia prima b\u00e1sica para productos farmac\u00e9uticos y qu\u00edmicos, y puede usarse como plastificante para la producci\u00f3n de pl\u00e1sticos, marfil falso, barnices, explosivos, repelentes de insectos, conservantes, etc.<\/p>","protected":false},"excerpt":{"rendered":"<p>Nombre del producto: alcanfor natural<\/p>\n<p>N\u00famero CAS: 464-49-3<\/p>\n<p>Frecuencia intermedia: C10H16O<\/p>\n<p>Apariencia: Cristal blanco<\/p>","protected":false},"featured_media":6008,"template":"","meta":{"_acf_changed":false,"_gspb_post_css":""},"product_brand":[],"product_cat":[61],"product_tag":[],"class_list":{"0":"post-6012","1":"product","2":"type-product","3":"status-publish","4":"has-post-thumbnail","6":"product_cat-flavor-and-fragrance","8":"first","9":"instock","10":"shipping-taxable","11":"product-type-simple"},"acf":[],"_links":{"self":[{"href":"https:\/\/wpachem.com\/es\/wp-json\/wp\/v2\/product\/6012","targetHints":{"allow":["GET"]}}],"collection":[{"href":"https:\/\/wpachem.com\/es\/wp-json\/wp\/v2\/product"}],"about":[{"href":"https:\/\/wpachem.com\/es\/wp-json\/wp\/v2\/types\/product"}],"version-history":[{"count":0,"href":"https:\/\/wpachem.com\/es\/wp-json\/wp\/v2\/product\/6012\/revisions"}],"wp:featuredmedia":[{"embeddable":true,"href":"https:\/\/wpachem.com\/es\/wp-json\/wp\/v2\/media\/6008"}],"wp:attachment":[{"href":"https:\/\/wpachem.com\/es\/wp-json\/wp\/v2\/media?parent=6012"}],"wp:term":[{"taxonomy":"product_brand","embeddable":true,"href":"https:\/\/wpachem.com\/es\/wp-json\/wp\/v2\/product_brand?post=6012"},{"taxonomy":"product_cat","embeddable":true,"href":"https:\/\/wpachem.com\/es\/wp-json\/wp\/v2\/product_cat?post=6012"},{"taxonomy":"product_tag","embeddable":true,"href":"https:\/\/wpachem.com\/es\/wp-json\/wp\/v2\/product_tag?post=6012"}],"curies":[{"name":"wp","href":"https:\/\/api.w.org\/{rel}","templated":true}]}}