{"id":6018,"date":"2024-02-07T07:32:35","date_gmt":"2024-02-07T07:32:35","guid":{"rendered":"https:\/\/wpachem.com\/?post_type=product&#038;p=6018"},"modified":"2024-02-07T07:32:35","modified_gmt":"2024-02-07T07:32:35","slug":"thymol-cas-89-83-8","status":"publish","type":"product","link":"https:\/\/wpachem.com\/es\/producto\/thymol-cas-89-83-8\/","title":{"rendered":"Timol CAS 89-83-8"},"content":{"rendered":"<p><strong>Caracter\u00edstica<\/strong><\/p>\n<p>Cristal blanco o polvo cristalino con olor parecido al tomillo.<\/p>\n<p><strong>Solicitud:<\/strong><\/p>\n<p>El timol tiene un efecto bactericida m\u00e1s fuerte que el fenol y tiene baja toxicidad. Tiene efecto bactericida y fungicida en la mucosa oral y de la garganta, y tiene efecto anticorrosivo y anest\u00e9sico local en la cavidad cariosa. Se utiliza para la desinfecci\u00f3n y esterilizaci\u00f3n de la boca y la garganta, dermatofitosis, radiomicosis y otitis. Puede promover el movimiento de los cilios traqueales, favorece la secreci\u00f3n de moco traqueal, desempe\u00f1a f\u00e1cilmente el papel de expectorante y tiene un efecto bactericida, por lo que se puede utilizar para tratar la bronquitis, la tos ferina, etc.<\/p>","protected":false},"excerpt":{"rendered":"<p>Nombre del producto: Timol<\/p>\n<p>N.\u00ba CAS: 89-83-8<\/p>\n<p>MF:C10H14O<\/p>\n<p>Apariencia: Cristal blanco<\/p>","protected":false},"featured_media":6007,"template":"","meta":{"_acf_changed":false,"_gspb_post_css":""},"product_brand":[],"product_cat":[61],"product_tag":[],"class_list":{"0":"post-6018","1":"product","2":"type-product","3":"status-publish","4":"has-post-thumbnail","6":"product_cat-flavor-and-fragrance","8":"first","9":"instock","10":"shipping-taxable","11":"product-type-simple"},"acf":[],"_links":{"self":[{"href":"https:\/\/wpachem.com\/es\/wp-json\/wp\/v2\/product\/6018","targetHints":{"allow":["GET"]}}],"collection":[{"href":"https:\/\/wpachem.com\/es\/wp-json\/wp\/v2\/product"}],"about":[{"href":"https:\/\/wpachem.com\/es\/wp-json\/wp\/v2\/types\/product"}],"version-history":[{"count":0,"href":"https:\/\/wpachem.com\/es\/wp-json\/wp\/v2\/product\/6018\/revisions"}],"wp:featuredmedia":[{"embeddable":true,"href":"https:\/\/wpachem.com\/es\/wp-json\/wp\/v2\/media\/6007"}],"wp:attachment":[{"href":"https:\/\/wpachem.com\/es\/wp-json\/wp\/v2\/media?parent=6018"}],"wp:term":[{"taxonomy":"product_brand","embeddable":true,"href":"https:\/\/wpachem.com\/es\/wp-json\/wp\/v2\/product_brand?post=6018"},{"taxonomy":"product_cat","embeddable":true,"href":"https:\/\/wpachem.com\/es\/wp-json\/wp\/v2\/product_cat?post=6018"},{"taxonomy":"product_tag","embeddable":true,"href":"https:\/\/wpachem.com\/es\/wp-json\/wp\/v2\/product_tag?post=6018"}],"curies":[{"name":"wp","href":"https:\/\/api.w.org\/{rel}","templated":true}]}}