{"id":6020,"date":"2024-02-07T07:31:48","date_gmt":"2024-02-07T07:31:48","guid":{"rendered":"https:\/\/wpachem.com\/?post_type=product&#038;p=6020"},"modified":"2024-02-07T07:43:44","modified_gmt":"2024-02-07T07:43:44","slug":"tranexamic-acid-cas-1197-18-8","status":"publish","type":"product","link":"https:\/\/wpachem.com\/es\/producto\/tranexamic-acid-cas-1197-18-8\/","title":{"rendered":"\u00c1cido tranex\u00e1mico CAS 1197-18-8"},"content":{"rendered":"<p><strong>Caracter\u00edstica<\/strong><\/p>\n<p>S\u00f3lido cristalino incoloro<\/p>\n<p><strong>Solicitud:<\/strong><\/p>\n<p>Campo farmac\u00e9utico: como medicamento de venta libre, a menudo se usa para tratar enfermedades de la piel relacionadas con el dolor y la picaz\u00f3n, como eccema, urticaria y alergias cut\u00e1neas.<\/p>\n<p>Campo cosm\u00e9tico: el \u00e1cido aminometilciclohexanocarbox\u00edlico puede estabilizar emulsiones y emulsionantes, por lo que se utiliza a menudo en productos para el cuidado de la piel y cosm\u00e9ticos como conservante y agente antibacteriano.<\/p>","protected":false},"excerpt":{"rendered":"<p>Nombre del producto: \u00c1cido tranex\u00e1mico<\/p>\n<p>No. CAS: 1197-18-8<\/p>\n<p>Frecuencia intermedia: C8H15NO2<\/p>\n<p>Aspecto: S\u00f3lido cristalino incoloro<\/p>","protected":false},"featured_media":5182,"template":"","meta":{"_acf_changed":false,"_gspb_post_css":""},"product_brand":[],"product_cat":[60,135],"product_tag":[],"class_list":{"0":"post-6020","1":"product","2":"type-product","3":"status-publish","4":"has-post-thumbnail","6":"product_cat-cosmetic-ingredients","7":"product_cat-preservative-cosmetic-ingredients","9":"first","10":"instock","11":"shipping-taxable","12":"product-type-simple"},"acf":[],"_links":{"self":[{"href":"https:\/\/wpachem.com\/es\/wp-json\/wp\/v2\/product\/6020","targetHints":{"allow":["GET"]}}],"collection":[{"href":"https:\/\/wpachem.com\/es\/wp-json\/wp\/v2\/product"}],"about":[{"href":"https:\/\/wpachem.com\/es\/wp-json\/wp\/v2\/types\/product"}],"version-history":[{"count":0,"href":"https:\/\/wpachem.com\/es\/wp-json\/wp\/v2\/product\/6020\/revisions"}],"wp:featuredmedia":[{"embeddable":true,"href":"https:\/\/wpachem.com\/es\/wp-json\/wp\/v2\/media\/5182"}],"wp:attachment":[{"href":"https:\/\/wpachem.com\/es\/wp-json\/wp\/v2\/media?parent=6020"}],"wp:term":[{"taxonomy":"product_brand","embeddable":true,"href":"https:\/\/wpachem.com\/es\/wp-json\/wp\/v2\/product_brand?post=6020"},{"taxonomy":"product_cat","embeddable":true,"href":"https:\/\/wpachem.com\/es\/wp-json\/wp\/v2\/product_cat?post=6020"},{"taxonomy":"product_tag","embeddable":true,"href":"https:\/\/wpachem.com\/es\/wp-json\/wp\/v2\/product_tag?post=6020"}],"curies":[{"name":"wp","href":"https:\/\/api.w.org\/{rel}","templated":true}]}}