{"id":6025,"date":"2024-02-07T07:44:34","date_gmt":"2024-02-07T07:44:34","guid":{"rendered":"https:\/\/wpachem.com\/?post_type=product&#038;p=6025"},"modified":"2024-02-07T07:54:35","modified_gmt":"2024-02-07T07:54:35","slug":"licorice-cas-84775-66-6","status":"publish","type":"product","link":"https:\/\/wpachem.com\/es\/producto\/licorice-cas-84775-66-6\/","title":{"rendered":"Regaliz CAS 84775-66-6"},"content":{"rendered":"<p><strong>Caracter\u00edstica<\/strong><\/p>\n<p>Forma semis\u00f3lida marr\u00f3n-amarilla o marr\u00f3n-negra<\/p>\n<p><strong>Solicitud:<\/strong><\/p>\n<p>1. En la medicina tradicional china, el extracto de regaliz se usa ampliamente para tratar la tos, el dolor de garganta, las \u00falceras, la indigesti\u00f3n, la gastritis y otras enfermedades. Tiene propiedades antiinflamatorias, analg\u00e9sicas y antiulcerosas.<\/p>\n<p>2. Aditivo alimentario: debido a su sabor dulce, el extracto de regaliz se utiliza como aditivo alimentario y agente aromatizante y se encuentra com\u00fanmente en caramelos, chicles, edulcorantes y bebidas.<\/p>\n<p>3. Cosm\u00e9tica: El extracto de regaliz tambi\u00e9n se utiliza en cosm\u00e9tica por sus efectos calmantes e hidratantes.<\/p>","protected":false},"excerpt":{"rendered":"<p>Nombre del producto: Regaliz<\/p>\n<p>N.\u00ba CAS: 84775-66-6<\/p>\n<p>Aspecto: Forma semis\u00f3lida de color marr\u00f3n amarillento o marr\u00f3n negruzco.<\/p>","protected":false},"featured_media":6027,"template":"","meta":{"_acf_changed":false,"_gspb_post_css":""},"product_brand":[],"product_cat":[55,132,136,101,60],"product_tag":[],"class_list":{"0":"post-6025","1":"product","2":"type-product","3":"status-publish","4":"has-post-thumbnail","6":"product_cat-food-additives","7":"product_cat-moisturizing","8":"product_cat-repairing","9":"product_cat-flavour-enhancer-food-additives","10":"product_cat-cosmetic-ingredients","12":"first","13":"instock","14":"shipping-taxable","15":"product-type-simple"},"acf":[],"_links":{"self":[{"href":"https:\/\/wpachem.com\/es\/wp-json\/wp\/v2\/product\/6025","targetHints":{"allow":["GET"]}}],"collection":[{"href":"https:\/\/wpachem.com\/es\/wp-json\/wp\/v2\/product"}],"about":[{"href":"https:\/\/wpachem.com\/es\/wp-json\/wp\/v2\/types\/product"}],"version-history":[{"count":0,"href":"https:\/\/wpachem.com\/es\/wp-json\/wp\/v2\/product\/6025\/revisions"}],"wp:featuredmedia":[{"embeddable":true,"href":"https:\/\/wpachem.com\/es\/wp-json\/wp\/v2\/media\/6027"}],"wp:attachment":[{"href":"https:\/\/wpachem.com\/es\/wp-json\/wp\/v2\/media?parent=6025"}],"wp:term":[{"taxonomy":"product_brand","embeddable":true,"href":"https:\/\/wpachem.com\/es\/wp-json\/wp\/v2\/product_brand?post=6025"},{"taxonomy":"product_cat","embeddable":true,"href":"https:\/\/wpachem.com\/es\/wp-json\/wp\/v2\/product_cat?post=6025"},{"taxonomy":"product_tag","embeddable":true,"href":"https:\/\/wpachem.com\/es\/wp-json\/wp\/v2\/product_tag?post=6025"}],"curies":[{"name":"wp","href":"https:\/\/api.w.org\/{rel}","templated":true}]}}