{"id":6026,"date":"2024-02-07T07:57:51","date_gmt":"2024-02-07T07:57:51","guid":{"rendered":"https:\/\/wpachem.com\/?post_type=product&#038;p=6026"},"modified":"2024-02-19T02:32:07","modified_gmt":"2024-02-19T02:32:07","slug":"beta-carotene-cas-7235-40-7","status":"publish","type":"product","link":"https:\/\/wpachem.com\/es\/producto\/beta-carotene-cas-7235-40-7\/","title":{"rendered":"Colorante alimentario natural Betacaroteno CAS 7235-40-7"},"content":{"rendered":"<p><strong>Caracter\u00edstica<\/strong><\/p>\n<p>El betacaroteno (beta-caroteno) pertenece a los carotenoides, que se encuentran en todas partes en la naturaleza y son los pigmentos naturales m\u00e1s estables, es un compuesto soluble en grasa de color amarillo anaranjado, de forma rombohexa\u00e9drica brillante o en polvo cristalino, que se encuentra principalmente en plantas verdes y frutas amarillas y anaranjadas y otros alimentos naturales. Las soluciones diluidas de betacaroteno son de color amarillo anaranjado a amarillo, naranja en concentraciones m\u00e1s altas y pueden ser ligeramente rojas dependiendo de la polaridad del solvente.<\/p>\n<p><strong>Solicitud:<\/strong><\/p>\n<p>Pigmento comestible de color naranja; suplementos nutricionales. Se utiliza principalmente en margarina, fideos, pasteles, bebidas y alimentos saludables.<br \/>\nComo fortificante nutricional vitam\u00ednico y colorante de piensos.<br \/>\nUn antioxidante que act\u00faa como prooxidante o antioxidante debido a su inhibici\u00f3n de la peroxidaci\u00f3n inducida por radicales libres in vitro. Un suplemento diet\u00e9tico para ratones que reduce la p\u00e9rdida de audici\u00f3n y el da\u00f1o a las c\u00e9lulas ciliadas.<\/p>","protected":false},"excerpt":{"rendered":"<p>Nombre del producto: Betacaroteno<\/p>\n<p>N.\u00ba CAS: 7235-40-7<\/p>\n<p>N\u00famero de modelo: C40H56<\/p>\n<p>Aspecto: Polvo cristalino de color p\u00farpura rojizo a rojo oscuro.<\/p>","protected":false},"featured_media":3706,"template":"","meta":{"_acf_changed":false,"_gspb_post_css":""},"product_brand":[],"product_cat":[120],"product_tag":[],"class_list":{"0":"post-6026","1":"product","2":"type-product","3":"status-publish","4":"has-post-thumbnail","6":"product_cat-food-colorants","8":"first","9":"instock","10":"shipping-taxable","11":"product-type-simple"},"acf":[],"_links":{"self":[{"href":"https:\/\/wpachem.com\/es\/wp-json\/wp\/v2\/product\/6026","targetHints":{"allow":["GET"]}}],"collection":[{"href":"https:\/\/wpachem.com\/es\/wp-json\/wp\/v2\/product"}],"about":[{"href":"https:\/\/wpachem.com\/es\/wp-json\/wp\/v2\/types\/product"}],"version-history":[{"count":0,"href":"https:\/\/wpachem.com\/es\/wp-json\/wp\/v2\/product\/6026\/revisions"}],"wp:featuredmedia":[{"embeddable":true,"href":"https:\/\/wpachem.com\/es\/wp-json\/wp\/v2\/media\/3706"}],"wp:attachment":[{"href":"https:\/\/wpachem.com\/es\/wp-json\/wp\/v2\/media?parent=6026"}],"wp:term":[{"taxonomy":"product_brand","embeddable":true,"href":"https:\/\/wpachem.com\/es\/wp-json\/wp\/v2\/product_brand?post=6026"},{"taxonomy":"product_cat","embeddable":true,"href":"https:\/\/wpachem.com\/es\/wp-json\/wp\/v2\/product_cat?post=6026"},{"taxonomy":"product_tag","embeddable":true,"href":"https:\/\/wpachem.com\/es\/wp-json\/wp\/v2\/product_tag?post=6026"}],"curies":[{"name":"wp","href":"https:\/\/api.w.org\/{rel}","templated":true}]}}