{"id":6029,"date":"2024-02-07T07:54:44","date_gmt":"2024-02-07T07:54:44","guid":{"rendered":"https:\/\/wpachem.com\/?post_type=product&#038;p=6029"},"modified":"2024-02-07T08:00:18","modified_gmt":"2024-02-07T08:00:18","slug":"3-o-ethyl-l-ascorbic-acid-cas-86404-04-8","status":"publish","type":"product","link":"https:\/\/wpachem.com\/es\/producto\/3-o-ethyl-l-ascorbic-acid-cas-86404-04-8\/","title":{"rendered":"\u00c1cido 3-O-etil-L-asc\u00f3rbico CAS 86404-04-8"},"content":{"rendered":"<p><strong>Caracter\u00edstica<\/strong><\/p>\n<p>Cristal blanco o polvo cristalino.<\/p>\n<p><strong>Solicitud:<\/strong><\/p>\n<p>Se utiliza ampliamente en productos para el cuidado de la piel y cosm\u00e9ticos como agente blanqueador y antioxidante eficaz. Puede penetrar profundamente en la piel y no se oxida f\u00e1cilmente, por lo que tiene una alta estabilidad y durabilidad en los productos para el cuidado de la piel.<\/p>","protected":false},"excerpt":{"rendered":"<p>Nombre del producto: \u00c1cido 3-O-etil-L-asc\u00f3rbico<\/p>\n<p>N.\u00ba de CAS: 86404-04-8<\/p>\n<p>Mb:C8H12O6<\/p>\n<p>Aspecto: Cristal blanco o polvo cristalino.<\/p>","protected":false},"featured_media":2159,"template":"","meta":{"_acf_changed":false,"_gspb_post_css":""},"product_brand":[],"product_cat":[60,131,129],"product_tag":[],"class_list":{"0":"post-6029","1":"product","2":"type-product","3":"status-publish","4":"has-post-thumbnail","6":"product_cat-cosmetic-ingredients","7":"product_cat-antioxidant","8":"product_cat-whitening-agent","10":"first","11":"instock","12":"shipping-taxable","13":"product-type-simple"},"acf":[],"_links":{"self":[{"href":"https:\/\/wpachem.com\/es\/wp-json\/wp\/v2\/product\/6029","targetHints":{"allow":["GET"]}}],"collection":[{"href":"https:\/\/wpachem.com\/es\/wp-json\/wp\/v2\/product"}],"about":[{"href":"https:\/\/wpachem.com\/es\/wp-json\/wp\/v2\/types\/product"}],"version-history":[{"count":0,"href":"https:\/\/wpachem.com\/es\/wp-json\/wp\/v2\/product\/6029\/revisions"}],"wp:featuredmedia":[{"embeddable":true,"href":"https:\/\/wpachem.com\/es\/wp-json\/wp\/v2\/media\/2159"}],"wp:attachment":[{"href":"https:\/\/wpachem.com\/es\/wp-json\/wp\/v2\/media?parent=6029"}],"wp:term":[{"taxonomy":"product_brand","embeddable":true,"href":"https:\/\/wpachem.com\/es\/wp-json\/wp\/v2\/product_brand?post=6029"},{"taxonomy":"product_cat","embeddable":true,"href":"https:\/\/wpachem.com\/es\/wp-json\/wp\/v2\/product_cat?post=6029"},{"taxonomy":"product_tag","embeddable":true,"href":"https:\/\/wpachem.com\/es\/wp-json\/wp\/v2\/product_tag?post=6029"}],"curies":[{"name":"wp","href":"https:\/\/api.w.org\/{rel}","templated":true}]}}