{"id":6031,"date":"2024-02-07T08:07:38","date_gmt":"2024-02-07T08:07:38","guid":{"rendered":"https:\/\/wpachem.com\/?post_type=product&#038;p=6031"},"modified":"2024-02-19T02:31:57","modified_gmt":"2024-02-19T02:31:57","slug":"gardenia-yellow-cas-94238-00-3","status":"publish","type":"product","link":"https:\/\/wpachem.com\/es\/producto\/gardenia-yellow-cas-94238-00-3\/","title":{"rendered":"Colorante alimentario natural Gardenia amarillo CAS 94238-00-3"},"content":{"rendered":"<p><strong>Caracter\u00edstica<\/strong><\/p>\n<p>Objeto de color amarillo, l\u00edquido o pasta o incluso polvo cristalino de color amarillo a amarillo anaranjado.<\/p>\n<p><strong>Solicitud:<\/strong><\/p>\n<ol>\n<li>El pigmento amarillo de gardenia se utiliza principalmente para colorear productos de harina. En los \u00faltimos a\u00f1os, el pigmento amarillo de gardenia se ha utilizado ampliamente en dulces, miel, helados y otros alimentos gracias a su buena capacidad para te\u00f1ir prote\u00ednas y almid\u00f3n. En el desarrollo integral del pigmento amarillo de gardenia, el pigmento amarillo de gardenia y el pigmento azul de gardenia se han mezclado en pigmento verde en Jap\u00f3n, y se han obtenido buenos beneficios econ\u00f3micos. El pigmento amarillo de gardenia tiene una excelente capacidad para te\u00f1ir prote\u00ednas, almid\u00f3n, etc., y se puede utilizar ampliamente en reposter\u00eda, dulces, harina, bebidas, gelatina, galletas, helados y otros alimentos.<\/li>\n<li>Se puede utilizar en cosm\u00e9tica. Se considera que el pigmento amarillo gardenia tiene las condiciones para su aplicaci\u00f3n en la industria cosm\u00e9tica.<\/li>\n<\/ol>","protected":false},"excerpt":{"rendered":"<p>Nombre del producto: Gardenia amarilla<\/p>\n<p>N.\u00ba CAS: 94238-00-3<\/p>\n<p>N\u00famero de modelo: C44H64O24<\/p>\n<p>Aspecto: Polvo cristalino de color amarillo a amarillo anaranjado.<\/p>","protected":false},"featured_media":4727,"template":"","meta":{"_acf_changed":false,"_gspb_post_css":""},"product_brand":[],"product_cat":[120],"product_tag":[],"class_list":{"0":"post-6031","1":"product","2":"type-product","3":"status-publish","4":"has-post-thumbnail","6":"product_cat-food-colorants","8":"first","9":"instock","10":"shipping-taxable","11":"product-type-simple"},"acf":[],"_links":{"self":[{"href":"https:\/\/wpachem.com\/es\/wp-json\/wp\/v2\/product\/6031","targetHints":{"allow":["GET"]}}],"collection":[{"href":"https:\/\/wpachem.com\/es\/wp-json\/wp\/v2\/product"}],"about":[{"href":"https:\/\/wpachem.com\/es\/wp-json\/wp\/v2\/types\/product"}],"version-history":[{"count":0,"href":"https:\/\/wpachem.com\/es\/wp-json\/wp\/v2\/product\/6031\/revisions"}],"wp:featuredmedia":[{"embeddable":true,"href":"https:\/\/wpachem.com\/es\/wp-json\/wp\/v2\/media\/4727"}],"wp:attachment":[{"href":"https:\/\/wpachem.com\/es\/wp-json\/wp\/v2\/media?parent=6031"}],"wp:term":[{"taxonomy":"product_brand","embeddable":true,"href":"https:\/\/wpachem.com\/es\/wp-json\/wp\/v2\/product_brand?post=6031"},{"taxonomy":"product_cat","embeddable":true,"href":"https:\/\/wpachem.com\/es\/wp-json\/wp\/v2\/product_cat?post=6031"},{"taxonomy":"product_tag","embeddable":true,"href":"https:\/\/wpachem.com\/es\/wp-json\/wp\/v2\/product_tag?post=6031"}],"curies":[{"name":"wp","href":"https:\/\/api.w.org\/{rel}","templated":true}]}}