{"id":6033,"date":"2024-02-07T08:02:33","date_gmt":"2024-02-07T08:02:33","guid":{"rendered":"https:\/\/wpachem.com\/?post_type=product&#038;p=6033"},"modified":"2024-02-07T08:05:16","modified_gmt":"2024-02-07T08:05:16","slug":"l-carnosine-cas-305-84-0-2","status":"publish","type":"product","link":"https:\/\/wpachem.com\/es\/producto\/l-carnosine-cas-305-84-0-2\/","title":{"rendered":"L-carnosina CAS 305-84-0"},"content":{"rendered":"<p><strong>Caracter\u00edstica<\/strong><\/p>\n<p>polvo blanco<\/p>\n<p><strong>Solicitud:<\/strong><\/p>\n<p>En primer lugar, tiene propiedades antioxidantes, que pueden reducir el da\u00f1o celular y el estr\u00e9s oxidativo. Adem\u00e1s, la L-carnosina puede mejorar la funci\u00f3n del sistema inmunol\u00f3gico, mejorar la textura de la piel, promover la cicatrizaci\u00f3n de heridas y proteger el h\u00edgado. Por lo tanto, se utiliza a menudo en productos farmac\u00e9uticos, productos sanitarios y cosm\u00e9ticos.<\/p>","protected":false},"excerpt":{"rendered":"<p>Nombre del producto: L-carnosina<\/p>\n<p>N.\u00ba CAS: 305-84-0<\/p>\n<p>Frecuencia intermedia: C9H14N4O3<\/p>\n<p>Apariencia: Polvo blanco<\/p>","protected":false},"featured_media":2216,"template":"","meta":{"_acf_changed":false,"_gspb_post_css":""},"product_brand":[],"product_cat":[60,131],"product_tag":[],"class_list":{"0":"post-6033","1":"product","2":"type-product","3":"status-publish","4":"has-post-thumbnail","6":"product_cat-cosmetic-ingredients","7":"product_cat-antioxidant","9":"first","10":"instock","11":"shipping-taxable","12":"product-type-simple"},"acf":[],"_links":{"self":[{"href":"https:\/\/wpachem.com\/es\/wp-json\/wp\/v2\/product\/6033","targetHints":{"allow":["GET"]}}],"collection":[{"href":"https:\/\/wpachem.com\/es\/wp-json\/wp\/v2\/product"}],"about":[{"href":"https:\/\/wpachem.com\/es\/wp-json\/wp\/v2\/types\/product"}],"version-history":[{"count":0,"href":"https:\/\/wpachem.com\/es\/wp-json\/wp\/v2\/product\/6033\/revisions"}],"wp:featuredmedia":[{"embeddable":true,"href":"https:\/\/wpachem.com\/es\/wp-json\/wp\/v2\/media\/2216"}],"wp:attachment":[{"href":"https:\/\/wpachem.com\/es\/wp-json\/wp\/v2\/media?parent=6033"}],"wp:term":[{"taxonomy":"product_brand","embeddable":true,"href":"https:\/\/wpachem.com\/es\/wp-json\/wp\/v2\/product_brand?post=6033"},{"taxonomy":"product_cat","embeddable":true,"href":"https:\/\/wpachem.com\/es\/wp-json\/wp\/v2\/product_cat?post=6033"},{"taxonomy":"product_tag","embeddable":true,"href":"https:\/\/wpachem.com\/es\/wp-json\/wp\/v2\/product_tag?post=6033"}],"curies":[{"name":"wp","href":"https:\/\/api.w.org\/{rel}","templated":true}]}}