{"id":6035,"date":"2024-02-07T08:06:28","date_gmt":"2024-02-07T08:06:28","guid":{"rendered":"https:\/\/wpachem.com\/?post_type=product&#038;p=6035"},"modified":"2024-02-07T08:16:39","modified_gmt":"2024-02-07T08:16:39","slug":"tea-tree-oil-from-melaleuca-alternifolia-cas-68647-73-4","status":"publish","type":"product","link":"https:\/\/wpachem.com\/es\/producto\/tea-tree-oil-from-melaleuca-alternifolia-cas-68647-73-4\/","title":{"rendered":"Aceite de \u00e1rbol de t\u00e9 de melaleuca alternifolia CAS 68647-73-4"},"content":{"rendered":"<p><strong>Caracter\u00edstica<\/strong><\/p>\n<p>L\u00edquido aceitoso de color amarillo claro<\/p>\n<p><strong>Solicitud:<\/strong><\/p>\n<p>1. Efectos antibacterianos y antiinflamatorios: el aceite esencial de \u00e1rbol de t\u00e9 tiene poderosas capacidades antibacterianas y antiinflamatorias y puede usarse para tratar diversas infecciones e inflamaciones de la piel, como acn\u00e9, eczema y picaz\u00f3n en la piel.<\/p>\n<p>2. Efectos limpiadores y astringentes: El aceite esencial de \u00e1rbol de t\u00e9 es un limpiador natural eficaz que puede utilizarse para limpiar la piel y el cabello. Tambi\u00e9n tiene propiedades astringentes, que pueden reducir los poros y mejorar la textura de la piel.<\/p>\n<p>3. Efectos calmantes y calmantes: El aceite esencial de \u00e1rbol de t\u00e9 se puede utilizar para calmar y aliviar el dolor muscular, la artritis y otras dolencias f\u00edsicas. Tambi\u00e9n puede ayudar a aliviar la tensi\u00f3n y la ansiedad y promover la relajaci\u00f3n y el sue\u00f1o.<\/p>","protected":false},"excerpt":{"rendered":"<p>Nombre del producto: Aceite de \u00e1rbol de t\u00e9<\/p>\n<p>N.\u00ba CAS: 68647-73-4<\/p>\n<p>Aspecto: L\u00edquido aceitoso de color amarillo claro.<\/p>","protected":false},"featured_media":3321,"template":"","meta":{"_acf_changed":false,"_gspb_post_css":""},"product_brand":[],"product_cat":[55,131,136,101,60],"product_tag":[],"class_list":{"0":"post-6035","1":"product","2":"type-product","3":"status-publish","4":"has-post-thumbnail","6":"product_cat-food-additives","7":"product_cat-antioxidant","8":"product_cat-repairing","9":"product_cat-flavour-enhancer-food-additives","10":"product_cat-cosmetic-ingredients","12":"first","13":"instock","14":"shipping-taxable","15":"product-type-simple"},"acf":[],"_links":{"self":[{"href":"https:\/\/wpachem.com\/es\/wp-json\/wp\/v2\/product\/6035","targetHints":{"allow":["GET"]}}],"collection":[{"href":"https:\/\/wpachem.com\/es\/wp-json\/wp\/v2\/product"}],"about":[{"href":"https:\/\/wpachem.com\/es\/wp-json\/wp\/v2\/types\/product"}],"version-history":[{"count":0,"href":"https:\/\/wpachem.com\/es\/wp-json\/wp\/v2\/product\/6035\/revisions"}],"wp:featuredmedia":[{"embeddable":true,"href":"https:\/\/wpachem.com\/es\/wp-json\/wp\/v2\/media\/3321"}],"wp:attachment":[{"href":"https:\/\/wpachem.com\/es\/wp-json\/wp\/v2\/media?parent=6035"}],"wp:term":[{"taxonomy":"product_brand","embeddable":true,"href":"https:\/\/wpachem.com\/es\/wp-json\/wp\/v2\/product_brand?post=6035"},{"taxonomy":"product_cat","embeddable":true,"href":"https:\/\/wpachem.com\/es\/wp-json\/wp\/v2\/product_cat?post=6035"},{"taxonomy":"product_tag","embeddable":true,"href":"https:\/\/wpachem.com\/es\/wp-json\/wp\/v2\/product_tag?post=6035"}],"curies":[{"name":"wp","href":"https:\/\/api.w.org\/{rel}","templated":true}]}}