{"id":6040,"date":"2024-02-07T08:22:02","date_gmt":"2024-02-07T08:22:02","guid":{"rendered":"https:\/\/wpachem.com\/?post_type=product&#038;p=6040"},"modified":"2024-04-26T05:38:20","modified_gmt":"2024-04-26T05:38:20","slug":"monascus-red-color-cas-874807-57-5","status":"publish","type":"product","link":"https:\/\/wpachem.com\/es\/producto\/monascus-red-color-cas-874807-57-5\/","title":{"rendered":"Colorante alimentario natural Monascus color rojo CAS 874807-57-5"},"content":{"rendered":"<p><strong>Caracter\u00edstica<\/strong><\/p>\n<p>Polvo rojo oscuro, aceitoso, ins\u00edpido e inodoro. Soluble en etanol y propilenglicol, insoluble en agua. La capacidad de color es fuerte, el tono se ve menos afectado por el valor de pH, la resistencia al calor y la propiedad de iones met\u00e1licos son buenas, pero la resistencia a la luz es ligeramente pobre y la luz solar lo desvanece. Tiene buena estabilidad en soluci\u00f3n de etanol.<\/p>\n<p><strong>Solicitud:<\/strong><\/p>\n<p>Como colorante alimentario, las disposiciones de China se pueden utilizar para galletas, alimentos inflados, vino, dulces, productos c\u00e1rnicos cocidos, tofu, gelatina, salsa condimentada, helado, helado, seg\u00fan las necesidades de producci\u00f3n del uso apropiado.<\/p>","protected":false},"excerpt":{"rendered":"<p>Nombre del producto: Color rojo Monascus<\/p>\n<p>Aspecto: Polvo rojo oscuro<\/p>","protected":false},"featured_media":3722,"template":"","meta":{"_acf_changed":false,"_gspb_post_css":""},"product_brand":[],"product_cat":[120],"product_tag":[],"class_list":{"0":"post-6040","1":"product","2":"type-product","3":"status-publish","4":"has-post-thumbnail","6":"product_cat-food-colorants","8":"first","9":"instock","10":"shipping-taxable","11":"product-type-simple"},"acf":[],"_links":{"self":[{"href":"https:\/\/wpachem.com\/es\/wp-json\/wp\/v2\/product\/6040","targetHints":{"allow":["GET"]}}],"collection":[{"href":"https:\/\/wpachem.com\/es\/wp-json\/wp\/v2\/product"}],"about":[{"href":"https:\/\/wpachem.com\/es\/wp-json\/wp\/v2\/types\/product"}],"version-history":[{"count":0,"href":"https:\/\/wpachem.com\/es\/wp-json\/wp\/v2\/product\/6040\/revisions"}],"wp:featuredmedia":[{"embeddable":true,"href":"https:\/\/wpachem.com\/es\/wp-json\/wp\/v2\/media\/3722"}],"wp:attachment":[{"href":"https:\/\/wpachem.com\/es\/wp-json\/wp\/v2\/media?parent=6040"}],"wp:term":[{"taxonomy":"product_brand","embeddable":true,"href":"https:\/\/wpachem.com\/es\/wp-json\/wp\/v2\/product_brand?post=6040"},{"taxonomy":"product_cat","embeddable":true,"href":"https:\/\/wpachem.com\/es\/wp-json\/wp\/v2\/product_cat?post=6040"},{"taxonomy":"product_tag","embeddable":true,"href":"https:\/\/wpachem.com\/es\/wp-json\/wp\/v2\/product_tag?post=6040"}],"curies":[{"name":"wp","href":"https:\/\/api.w.org\/{rel}","templated":true}]}}