{"id":6042,"date":"2024-02-07T08:16:51","date_gmt":"2024-02-07T08:16:51","guid":{"rendered":"https:\/\/wpachem.com\/?post_type=product&#038;p=6042"},"modified":"2024-02-07T08:22:49","modified_gmt":"2024-02-07T08:22:49","slug":"polysilicone-15-cas-207574-74-1-parsol-slx","status":"publish","type":"product","link":"https:\/\/wpachem.com\/es\/producto\/polysilicone-15-cas-207574-74-1-parsol-slx\/","title":{"rendered":"PEG-15 CAS 207574-74-1 PARSOL SLX"},"content":{"rendered":"<p><strong>Caracter\u00edstica<\/strong><\/p>\n<p>L\u00edquido transparente de incoloro a amarillo claro.<\/p>\n<p><strong>Solicitud:<\/strong><\/p>\n<p>Se utiliza a menudo como ingrediente en cosm\u00e9ticos y productos de cuidado personal como cremas, lociones, protectores solares, champ\u00fas, etc. Mejora la sensaci\u00f3n y lubricidad de los productos a la vez que hidrata y protege la piel.<\/p>","protected":false},"excerpt":{"rendered":"<p>Nombre del producto: PARSOL SLX\/PEG-15<\/p>\n<p>N.\u00ba CAS: 207574-74-1<\/p>\n<p>Aspecto: L\u00edquido transparente incoloro a amarillo claro.<\/p>","protected":false},"featured_media":5867,"template":"","meta":{"_acf_changed":false,"_gspb_post_css":""},"product_brand":[],"product_cat":[60,132,136],"product_tag":[],"class_list":{"0":"post-6042","1":"product","2":"type-product","3":"status-publish","4":"has-post-thumbnail","6":"product_cat-cosmetic-ingredients","7":"product_cat-moisturizing","8":"product_cat-repairing","10":"first","11":"instock","12":"shipping-taxable","13":"product-type-simple"},"acf":[],"_links":{"self":[{"href":"https:\/\/wpachem.com\/es\/wp-json\/wp\/v2\/product\/6042","targetHints":{"allow":["GET"]}}],"collection":[{"href":"https:\/\/wpachem.com\/es\/wp-json\/wp\/v2\/product"}],"about":[{"href":"https:\/\/wpachem.com\/es\/wp-json\/wp\/v2\/types\/product"}],"version-history":[{"count":0,"href":"https:\/\/wpachem.com\/es\/wp-json\/wp\/v2\/product\/6042\/revisions"}],"wp:featuredmedia":[{"embeddable":true,"href":"https:\/\/wpachem.com\/es\/wp-json\/wp\/v2\/media\/5867"}],"wp:attachment":[{"href":"https:\/\/wpachem.com\/es\/wp-json\/wp\/v2\/media?parent=6042"}],"wp:term":[{"taxonomy":"product_brand","embeddable":true,"href":"https:\/\/wpachem.com\/es\/wp-json\/wp\/v2\/product_brand?post=6042"},{"taxonomy":"product_cat","embeddable":true,"href":"https:\/\/wpachem.com\/es\/wp-json\/wp\/v2\/product_cat?post=6042"},{"taxonomy":"product_tag","embeddable":true,"href":"https:\/\/wpachem.com\/es\/wp-json\/wp\/v2\/product_tag?post=6042"}],"curies":[{"name":"wp","href":"https:\/\/api.w.org\/{rel}","templated":true}]}}