{"id":6044,"date":"2024-02-07T08:21:42","date_gmt":"2024-02-07T08:21:42","guid":{"rendered":"https:\/\/wpachem.com\/?post_type=product&#038;p=6044"},"modified":"2024-02-07T08:27:15","modified_gmt":"2024-02-07T08:27:15","slug":"r-mandelic-acid-cas-611-71-2","status":"publish","type":"product","link":"https:\/\/wpachem.com\/es\/producto\/r-mandelic-acid-cas-611-71-2\/","title":{"rendered":"(R)-(-)-\u00e1cido mand\u00e9lico CAS 611-71-2"},"content":{"rendered":"<p><strong>Caracter\u00edstica<\/strong><\/p>\n<p>Polvo de cristal blanco<\/p>\n<p><strong>Solicitud:<\/strong><\/p>\n<p>El \u00e1cido D-mand\u00e9lico tiene actividades antioxidantes, antibacterianas y antivirales y se usa ampliamente en alimentos, productos para la salud y medicamentos.<br \/>\nPuede prevenir el deterioro oxidativo de los alimentos y prolongar su vida \u00fatil;<br \/>\nEn los productos para el cuidado de la salud, puede desempe\u00f1ar un papel antienvejecimiento y mejorar la inmunidad;<br \/>\nEn el desarrollo de f\u00e1rmacos, el \u00e1cido D-mand\u00e9lico tambi\u00e9n se utiliza como parte de los sistemas de administraci\u00f3n de f\u00e1rmacos.<\/p>","protected":false},"excerpt":{"rendered":"<p>Nombre del producto: \u00c1cido (R)-(-)-mand\u00e9lico<\/p>\n<p>No. CAS: 611-71-2<\/p>\n<p>Frecuencia intermedia: C8H8O3<\/p>\n<p>Apariencia: Polvo de cristal blanco<\/p>","protected":false},"featured_media":2183,"template":"","meta":{"_acf_changed":false,"_gspb_post_css":""},"product_brand":[],"product_cat":[55,103],"product_tag":[],"class_list":{"0":"post-6044","1":"product","2":"type-product","3":"status-publish","4":"has-post-thumbnail","6":"product_cat-food-additives","7":"product_cat-nutrition-enhancer","9":"first","10":"instock","11":"shipping-taxable","12":"product-type-simple"},"acf":[],"_links":{"self":[{"href":"https:\/\/wpachem.com\/es\/wp-json\/wp\/v2\/product\/6044","targetHints":{"allow":["GET"]}}],"collection":[{"href":"https:\/\/wpachem.com\/es\/wp-json\/wp\/v2\/product"}],"about":[{"href":"https:\/\/wpachem.com\/es\/wp-json\/wp\/v2\/types\/product"}],"version-history":[{"count":0,"href":"https:\/\/wpachem.com\/es\/wp-json\/wp\/v2\/product\/6044\/revisions"}],"wp:featuredmedia":[{"embeddable":true,"href":"https:\/\/wpachem.com\/es\/wp-json\/wp\/v2\/media\/2183"}],"wp:attachment":[{"href":"https:\/\/wpachem.com\/es\/wp-json\/wp\/v2\/media?parent=6044"}],"wp:term":[{"taxonomy":"product_brand","embeddable":true,"href":"https:\/\/wpachem.com\/es\/wp-json\/wp\/v2\/product_brand?post=6044"},{"taxonomy":"product_cat","embeddable":true,"href":"https:\/\/wpachem.com\/es\/wp-json\/wp\/v2\/product_cat?post=6044"},{"taxonomy":"product_tag","embeddable":true,"href":"https:\/\/wpachem.com\/es\/wp-json\/wp\/v2\/product_tag?post=6044"}],"curies":[{"name":"wp","href":"https:\/\/api.w.org\/{rel}","templated":true}]}}