{"id":6047,"date":"2024-02-07T08:29:07","date_gmt":"2024-02-07T08:29:07","guid":{"rendered":"https:\/\/wpachem.com\/?post_type=product&#038;p=6047"},"modified":"2024-02-19T02:31:19","modified_gmt":"2024-02-19T02:31:19","slug":"carmine-color-cas-1390-65-4","status":"publish","type":"product","link":"https:\/\/wpachem.com\/es\/producto\/carmine-color-cas-1390-65-4\/","title":{"rendered":"Colorante alimentario natural Color carm\u00edn CAS 1390-65-4"},"content":{"rendered":"<p><strong>Caracter\u00edstica<\/strong><\/p>\n<p>El carm\u00edn tambi\u00e9n se llama carm\u00edn o carm\u00edn. Pigmento sint\u00e9tico soluble en agua, de color amarillo brillante, rojo claro, variedad monocrom\u00e1tica. Se puede utilizar de forma segura para dar color a alimentos, bebidas, medicamentos, cosm\u00e9ticos, piensos, tabaco, juguetes, materiales de envasado de alimentos, etc.<\/p>\n<p><strong>Solicitud:<\/strong><\/p>\n<p>La cochinilla es un polvo disperso en agua, insoluble en alcohol y aceite, sensible a la oxidaci\u00f3n y f\u00e1cil de unir a las prote\u00ednas. Tambi\u00e9n se utiliza para dar color a productos l\u00e1cteos, productos c\u00e1rnicos, dulces, aperitivos, refrescos, vinagre de manzana, leche agria, productos horneados, mermeladas, jaleas, cosm\u00e9ticos, productos l\u00e1cteos y productos farmac\u00e9uticos.<\/p>","protected":false},"excerpt":{"rendered":"<p>Nombre del producto: Color rojo Monascus<\/p>\n<p>Frecuencia intermedia: C22H20O13<\/p>\n<p>CAS\uff1a1390-65-4<\/p>\n<p>Aspecto: L\u00edquido rojo oscuro con un ligero olor.<\/p>","protected":false},"featured_media":3771,"template":"","meta":{"_acf_changed":false,"_gspb_post_css":""},"product_brand":[],"product_cat":[120],"product_tag":[],"class_list":{"0":"post-6047","1":"product","2":"type-product","3":"status-publish","4":"has-post-thumbnail","6":"product_cat-food-colorants","8":"first","9":"instock","10":"shipping-taxable","11":"product-type-simple"},"acf":[],"_links":{"self":[{"href":"https:\/\/wpachem.com\/es\/wp-json\/wp\/v2\/product\/6047","targetHints":{"allow":["GET"]}}],"collection":[{"href":"https:\/\/wpachem.com\/es\/wp-json\/wp\/v2\/product"}],"about":[{"href":"https:\/\/wpachem.com\/es\/wp-json\/wp\/v2\/types\/product"}],"version-history":[{"count":0,"href":"https:\/\/wpachem.com\/es\/wp-json\/wp\/v2\/product\/6047\/revisions"}],"wp:featuredmedia":[{"embeddable":true,"href":"https:\/\/wpachem.com\/es\/wp-json\/wp\/v2\/media\/3771"}],"wp:attachment":[{"href":"https:\/\/wpachem.com\/es\/wp-json\/wp\/v2\/media?parent=6047"}],"wp:term":[{"taxonomy":"product_brand","embeddable":true,"href":"https:\/\/wpachem.com\/es\/wp-json\/wp\/v2\/product_brand?post=6047"},{"taxonomy":"product_cat","embeddable":true,"href":"https:\/\/wpachem.com\/es\/wp-json\/wp\/v2\/product_cat?post=6047"},{"taxonomy":"product_tag","embeddable":true,"href":"https:\/\/wpachem.com\/es\/wp-json\/wp\/v2\/product_tag?post=6047"}],"curies":[{"name":"wp","href":"https:\/\/api.w.org\/{rel}","templated":true}]}}