{"id":6050,"date":"2024-02-07T08:27:38","date_gmt":"2024-02-07T08:27:38","guid":{"rendered":"https:\/\/wpachem.com\/?post_type=product&#038;p=6050"},"modified":"2024-02-07T08:41:22","modified_gmt":"2024-02-07T08:41:22","slug":"ectoine-cas-96702-03-3","status":"publish","type":"product","link":"https:\/\/wpachem.com\/es\/producto\/ectoine-cas-96702-03-3\/","title":{"rendered":"ECTOINA CAS 96702-03-3"},"content":{"rendered":"<p><strong>Caracter\u00edstica<\/strong><\/p>\n<p>polvo blanco<\/p>\n<p><strong>Solicitud:<\/strong><\/p>\n<p>En cosm\u00e9tica, se puede utilizar en productos para el cuidado de la piel, como cremas y lociones, para tener efectos hidratantes, antiarrugas y antienvejecimiento.<\/p>\n<p>En el campo farmac\u00e9utico, se puede utilizar para preparar aditivos farmacol\u00f3gicos para mejorar la estabilidad y permeabilidad de los f\u00e1rmacos.<\/p>\n<p>Adem\u00e1s, tambi\u00e9n se puede utilizar en el campo agr\u00edcola para mejorar la tolerancia a la sequ\u00eda y la resistencia de los cultivos al estr\u00e9s salino-\u00e1lcali.<\/p>","protected":false},"excerpt":{"rendered":"<p>Nombre del producto: ECTOINE<\/p>\n<p>N.\u00ba de CAS: 96702-03-3<\/p>\n<p>Mb:C6H10N2O2<\/p>\n<p>Apariencia: Polvo blanco<\/p>","protected":false},"featured_media":2168,"template":"","meta":{"_acf_changed":false,"_gspb_post_css":""},"product_brand":[],"product_cat":[60,132,136],"product_tag":[],"class_list":{"0":"post-6050","1":"product","2":"type-product","3":"status-publish","4":"has-post-thumbnail","6":"product_cat-cosmetic-ingredients","7":"product_cat-moisturizing","8":"product_cat-repairing","10":"first","11":"instock","12":"shipping-taxable","13":"product-type-simple"},"acf":[],"_links":{"self":[{"href":"https:\/\/wpachem.com\/es\/wp-json\/wp\/v2\/product\/6050","targetHints":{"allow":["GET"]}}],"collection":[{"href":"https:\/\/wpachem.com\/es\/wp-json\/wp\/v2\/product"}],"about":[{"href":"https:\/\/wpachem.com\/es\/wp-json\/wp\/v2\/types\/product"}],"version-history":[{"count":0,"href":"https:\/\/wpachem.com\/es\/wp-json\/wp\/v2\/product\/6050\/revisions"}],"wp:featuredmedia":[{"embeddable":true,"href":"https:\/\/wpachem.com\/es\/wp-json\/wp\/v2\/media\/2168"}],"wp:attachment":[{"href":"https:\/\/wpachem.com\/es\/wp-json\/wp\/v2\/media?parent=6050"}],"wp:term":[{"taxonomy":"product_brand","embeddable":true,"href":"https:\/\/wpachem.com\/es\/wp-json\/wp\/v2\/product_brand?post=6050"},{"taxonomy":"product_cat","embeddable":true,"href":"https:\/\/wpachem.com\/es\/wp-json\/wp\/v2\/product_cat?post=6050"},{"taxonomy":"product_tag","embeddable":true,"href":"https:\/\/wpachem.com\/es\/wp-json\/wp\/v2\/product_tag?post=6050"}],"curies":[{"name":"wp","href":"https:\/\/api.w.org\/{rel}","templated":true}]}}