{"id":6054,"date":"2024-02-07T08:42:28","date_gmt":"2024-02-07T08:42:28","guid":{"rendered":"https:\/\/wpachem.com\/?post_type=product&#038;p=6054"},"modified":"2024-02-07T09:39:36","modified_gmt":"2024-02-07T09:39:36","slug":"pomegranate-bark-extract-cas-84961-57-9","status":"publish","type":"product","link":"https:\/\/wpachem.com\/es\/producto\/pomegranate-bark-extract-cas-84961-57-9\/","title":{"rendered":"Extracto de corteza de granada CAS 84961-57-9"},"content":{"rendered":"<p><strong>Caracter\u00edstica<\/strong><\/p>\n<p>Polvo marr\u00f3n<\/p>\n<p><strong>Solicitud:<\/strong><\/p>\n<p>1. Aditivos para alimentos y bebidas: el extracto de corteza de granada se puede utilizar en alimentos y bebidas como colorante, conservante y antioxidante natural.<\/p>\n<p>2. Productos farmac\u00e9uticos y de salud: El extracto de corteza de granada se considera beneficioso para la salud cardiovascular y tambi\u00e9n tiene efectos antidiab\u00e9ticos, anticancer\u00edgenos e inmunomoduladores.<\/p>\n<p>3. Productos para el cuidado de la piel: Debido a sus propiedades antioxidantes y antiinflamatorias, el extracto de corteza de granada a menudo se agrega a los cosm\u00e9ticos para blanquear, antienvejecimiento y reducir la inflamaci\u00f3n.<\/p>","protected":false},"excerpt":{"rendered":"<p>Nombre del producto: Extracto de corteza de granada<\/p>\n<p>No. CAS: 84961-57-9<\/p>\n<p>Apariencia: Polvo marr\u00f3n<\/p>","protected":false},"featured_media":6061,"template":"","meta":{"_acf_changed":false,"_gspb_post_css":""},"product_brand":[],"product_cat":[60,125,124,120,122,136,129,55,101,57],"product_tag":[],"class_list":{"0":"post-6054","1":"product","2":"type-product","3":"status-publish","4":"has-post-thumbnail","6":"product_cat-cosmetic-ingredients","7":"product_cat-cosmetic-raw-materials","8":"product_cat-food-additives-plant-extract","9":"product_cat-food-colorants","10":"product_cat-plant-extract","11":"product_cat-repairing","12":"product_cat-whitening-agent","13":"product_cat-food-additives","14":"product_cat-flavour-enhancer-food-additives","15":"product_cat-preservative","17":"first","18":"instock","19":"shipping-taxable","20":"product-type-simple"},"acf":[],"_links":{"self":[{"href":"https:\/\/wpachem.com\/es\/wp-json\/wp\/v2\/product\/6054","targetHints":{"allow":["GET"]}}],"collection":[{"href":"https:\/\/wpachem.com\/es\/wp-json\/wp\/v2\/product"}],"about":[{"href":"https:\/\/wpachem.com\/es\/wp-json\/wp\/v2\/types\/product"}],"version-history":[{"count":0,"href":"https:\/\/wpachem.com\/es\/wp-json\/wp\/v2\/product\/6054\/revisions"}],"wp:featuredmedia":[{"embeddable":true,"href":"https:\/\/wpachem.com\/es\/wp-json\/wp\/v2\/media\/6061"}],"wp:attachment":[{"href":"https:\/\/wpachem.com\/es\/wp-json\/wp\/v2\/media?parent=6054"}],"wp:term":[{"taxonomy":"product_brand","embeddable":true,"href":"https:\/\/wpachem.com\/es\/wp-json\/wp\/v2\/product_brand?post=6054"},{"taxonomy":"product_cat","embeddable":true,"href":"https:\/\/wpachem.com\/es\/wp-json\/wp\/v2\/product_cat?post=6054"},{"taxonomy":"product_tag","embeddable":true,"href":"https:\/\/wpachem.com\/es\/wp-json\/wp\/v2\/product_tag?post=6054"}],"curies":[{"name":"wp","href":"https:\/\/api.w.org\/{rel}","templated":true}]}}